{"id":1013,"date":"2024-05-01T17:12:27","date_gmt":"2024-05-01T15:12:27","guid":{"rendered":"https:\/\/amandinegillet82.fr\/?page_id=1013"},"modified":"2025-02-22T15:52:03","modified_gmt":"2025-02-22T14:52:03","slug":"tarifs","status":"publish","type":"page","link":"https:\/\/amandinegillet82.fr\/?page_id=1013","title":{"rendered":"Tarifs"},"content":{"rendered":"<div data-colibri-id=\"1013-c1\" class=\"style-407 style-local-1013-c1 position-relative\">\n  <!---->\n  <div data-colibri-component=\"section\" data-colibri-id=\"1013-c2\" id=\"custom\" class=\"h-section h-section-global-spacing d-flex align-items-lg-center align-items-md-center align-items-center style-408 style-local-1013-c2 position-relative\">\n    <!---->\n    <!---->\n    <div class=\"h-section-grid-container h-section-boxed-container\">\n      <!---->\n      <div data-colibri-id=\"1013-c3\" class=\"h-row-container gutters-row-lg-2 gutters-row-md-2 gutters-row-0 gutters-row-v-lg-2 gutters-row-v-md-2 gutters-row-v-2 style-409 style-local-1013-c3 position-relative\">\n        <!---->\n        <div class=\"h-row justify-content-lg-center justify-content-md-center justify-content-center align-items-lg-stretch align-items-md-stretch align-items-stretch gutters-col-lg-2 gutters-col-md-2 gutters-col-0 gutters-col-v-lg-2 gutters-col-v-md-2 gutters-col-v-2\">\n          <!---->\n          <div class=\"h-column h-column-container d-flex h-col-lg-auto h-col-md-auto h-col-auto style-410-outer style-local-1013-c4-outer\">\n            <div data-colibri-id=\"1013-c4\" class=\"d-flex h-flex-basis h-column__inner h-px-lg-2 h-px-md-2 h-px-2 v-inner-lg-2 v-inner-md-2 v-inner-2 style-410 style-local-1013-c4 position-relative\">\n              <!---->\n              <!---->\n              <div class=\"w-100 h-y-container h-column__content h-column__v-align flex-basis-100 align-self-lg-start align-self-md-start align-self-start\">\n                <!---->\n                <div data-colibri-id=\"1013-c5\" class=\"h-text h-text-component style-411 style-local-1013-c5 position-relative h-element\">\n                  <!---->\n                  <!---->\n                  <div class=\"\">\n                    <p>Les s\u00e9ances sont prises en charge par votre mutuelle selon votre contrat&nbsp;<\/p>\n                    <p>Bilan naturopathique (avec fiche conseil)&nbsp;: 70\u20ac .&nbsp;<\/p>\n                    <p>S\u00e9ance de suivi et\/ou r\u00e9glage alimentaire&nbsp;: 45\u20ac<\/p>\n                    <p>S\u00e9ance d&rsquo;hypnose d\u20191h30: 60\u20ac<\/p>\n                    <p>S\u00e9ance d&rsquo;hypnose spirituelle&nbsp;2h30: 90\u20ac<\/p>\n                    <p>Atelier d\u00e9couverte de&nbsp;groupe 2h30&nbsp;:&nbsp;30\u20ac<\/p>\n                    <p>Massages 1h (r\u00e9flexologie plantaire, chi nei tsang, bien-\u00eatre) 60\u20ac<\/p>\n                    <p>S\u00e9ance sophro-relaxation <span style=\"color: rgba(16, 72, 67, 0.91); font-family: &quot;Open Sans&quot;; font-size: 17px; font-weight: 400;\">1h 30 :&nbsp;<\/span> individuelle : 45\u20ac \/ En groupe&nbsp;: 15\u20ac<\/p>\n                    <p>Accompagnement enfant : Premi\u00e8re s\u00e9ance 1h30 : 60\u20ac . S\u00e9ance de suivi 1h: 45\u20ac<\/p>\n                    <p>Accompagnement pluridisciplinaire ( 5 \u00e0 10 s\u00e9ances): devis personnalis\u00e9 avec tarif ajust\u00e9s *<\/p>\n                    <p><em>*pour une probl\u00e9matique n\u00e9cessitant plusieurs s\u00e9ances rapproch\u00e9es m\u00ealant hypnose, exercices de relaxation dynamiques, massages,&nbsp;suivi en naturopathie les tarifs des s\u00e9ances de suivi seront r\u00e9gressifs (50, 40, 30\u20ac \u2026 selon le cas de figure) afin de permettre un accompagnement complet et efficace mais abordable financi\u00e8rement .<\/em><\/p>\n                    <p><em>Moyen de paiement accept\u00e9 : ch\u00e8ques ou esp\u00e8ces, je ne suis pas encore \u00e9quip\u00e9e d&rsquo;un terminal de paiement carte bleue mais cela est en cours <\/em><\/p>\n                  <\/div>\n                <\/div>\n              <\/div>\n            <\/div>\n          <\/div>\n        <\/div>\n      <\/div>\n    <\/div>\n  <\/div>\n  <div data-colibri-component=\"section\" data-colibri-id=\"1013-c6\" id=\"custom-3\" class=\"h-section h-section-global-spacing d-flex align-items-lg-center align-items-md-center align-items-center style-527 style-local-1013-c6 position-relative\">\n    <!---->\n    <!---->\n    <div class=\"h-section-grid-container h-section-boxed-container\">\n      <!---->\n      <div data-colibri-id=\"1013-c7\" class=\"h-row-container gutters-row-lg-2 gutters-row-md-2 gutters-row-0 gutters-row-v-lg-2 gutters-row-v-md-2 gutters-row-v-2 style-528 style-local-1013-c7 position-relative\">\n        <!---->\n        <div class=\"h-row justify-content-lg-center justify-content-md-center justify-content-center align-items-lg-stretch align-items-md-stretch align-items-stretch gutters-col-lg-2 gutters-col-md-2 gutters-col-0 gutters-col-v-lg-2 gutters-col-v-md-2 gutters-col-v-2\">\n          <!---->\n          <div class=\"h-column h-column-container d-flex h-col-lg-auto h-col-md-auto h-col-auto style-529-outer style-local-1013-c8-outer\">\n            <div data-colibri-id=\"1013-c8\" class=\"d-flex h-flex-basis h-column__inner h-px-lg-2 h-px-md-2 h-px-2 v-inner-lg-2 v-inner-md-2 v-inner-2 style-529 style-local-1013-c8 position-relative\">\n              <!---->\n              <!---->\n              <div class=\"w-100 h-y-container h-column__content h-column__v-align flex-basis-100 align-self-lg-start align-self-md-start align-self-start\">\n                <!---->\n                <div data-colibri-id=\"1013-c9\" class=\"d-block style-696 style-local-1013-c9 position-relative h-element\">\n                  <!---->\n                  <div class=\"h-image__frame-container-outer\">\n                    <div class=\"h-image__frame-container\">\n                      <!---->\n                      <!---->\n                      <img loading=\"lazy\" decoding=\"async\" width=\"612\" height=\"408\" src=\"https:\/\/amandinegillet82.fr\/wp-content\/uploads\/2024\/11\/cropped-papillon-1.jpg\" class=\"wp-image-1956 style-696-image style-local-1013-c9-image\" alt=\"\" srcset=\"https:\/\/amandinegillet82.fr\/wp-content\/uploads\/2024\/11\/cropped-papillon-1.jpg 612w, https:\/\/amandinegillet82.fr\/wp-content\/uploads\/2024\/11\/cropped-papillon-1-300x200.jpg 300w\" sizes=\"auto, (max-width: 612px) 100vw, 612px\" \/>\n                      <div class=\"h-image__frame h-hide-lg h-hide-md h-hide-sm style-696-frameImage style-local-1013-c9-frameImage\"><\/div>\n                    <\/div>\n                  <\/div>\n                <\/div>\n              <\/div>\n            <\/div>\n          <\/div>\n          <div class=\"h-column h-column-container d-flex h-col-lg-auto h-col-md-auto h-col-auto style-530-outer style-local-1013-c10-outer\">\n            <div data-colibri-id=\"1013-c10\" class=\"d-flex h-flex-basis h-column__inner h-px-lg-2 h-px-md-2 h-px-2 v-inner-lg-2 v-inner-md-2 v-inner-2 style-530 style-local-1013-c10 position-relative\">\n              <!---->\n              <!---->\n              <div class=\"w-100 h-y-container h-column__content h-column__v-align flex-basis-100 align-self-lg-start align-self-md-start align-self-start\">\n                <!---->\n                <div data-colibri-id=\"1013-c11\" class=\"d-block style-697 style-local-1013-c11 position-relative h-element\">\n                  <!---->\n                  <div class=\"h-image__frame-container-outer\">\n                    <div class=\"h-image__frame-container\">\n                      <!---->\n                      <!---->\n                      <img loading=\"lazy\" decoding=\"async\" width=\"517\" height=\"408\" src=\"https:\/\/amandinegillet82.fr\/wp-content\/uploads\/2024\/11\/cropped-cropped-foretliberationbe-1.jpg\" class=\"wp-image-1957 style-697-image style-local-1013-c11-image\" alt=\"\" srcset=\"https:\/\/amandinegillet82.fr\/wp-content\/uploads\/2024\/11\/cropped-cropped-foretliberationbe-1.jpg 517w, https:\/\/amandinegillet82.fr\/wp-content\/uploads\/2024\/11\/cropped-cropped-foretliberationbe-1-300x237.jpg 300w\" sizes=\"auto, (max-width: 517px) 100vw, 517px\" \/>\n                      <div class=\"h-image__frame h-hide-lg h-hide-md h-hide-sm style-697-frameImage style-local-1013-c11-frameImage\"><\/div>\n                    <\/div>\n                  <\/div>\n                <\/div>\n              <\/div>\n            <\/div>\n          <\/div>\n        <\/div>\n      <\/div>\n    <\/div>\n  <\/div>\n  <div data-colibri-component=\"section\" data-colibri-id=\"1013-c12\" id=\"custom-2\" class=\"h-section h-section-global-spacing d-flex align-items-lg-center align-items-md-center align-items-center style-518 style-local-1013-c12 position-relative\">\n    <!---->\n    <!---->\n    <div class=\"h-section-grid-container h-section-boxed-container\">\n      <!---->\n      <div data-colibri-id=\"1013-c13\" class=\"h-row-container gutters-row-lg-2 gutters-row-md-2 gutters-row-0 gutters-row-v-lg-2 gutters-row-v-md-2 gutters-row-v-2 style-522 style-local-1013-c13 position-relative\">\n        <!---->\n        <div class=\"h-row justify-content-lg-center justify-content-md-center justify-content-center align-items-lg-stretch align-items-md-stretch align-items-stretch gutters-col-lg-2 gutters-col-md-2 gutters-col-0 gutters-col-v-lg-2 gutters-col-v-md-2 gutters-col-v-2\">\n          <!---->\n          <div class=\"h-column h-column-container d-flex h-col-lg-auto h-col-md-auto h-col-auto style-523-outer style-local-1013-c14-outer\">\n            <div data-colibri-id=\"1013-c14\" class=\"d-flex h-flex-basis h-column__inner h-px-lg-2 h-px-md-2 h-px-2 v-inner-lg-2 v-inner-md-2 v-inner-2 style-523 style-local-1013-c14 position-relative\">\n              <!---->\n              <!---->\n              <div class=\"w-100 h-y-container h-column__content h-column__v-align flex-basis-100 align-self-lg-start align-self-md-start align-self-start\">\n                <!---->\n                <div data-colibri-id=\"1013-c15\" class=\"d-block style-524 style-local-1013-c15 position-relative h-element\">\n                  <!---->\n                  <div class=\"h-image__frame-container-outer\">\n                    <div class=\"h-image__frame-container\">\n                      <!---->\n                      <!---->\n                      <img loading=\"lazy\" decoding=\"async\" width=\"598\" height=\"495\" src=\"https:\/\/amandinegillet82.fr\/wp-content\/uploads\/2024\/04\/cropped-famille-1-1.jpg\" class=\"wp-image-1406 style-524-image style-local-1013-c15-image\" alt=\"\" srcset=\"https:\/\/amandinegillet82.fr\/wp-content\/uploads\/2024\/04\/cropped-famille-1-1.jpg 598w, https:\/\/amandinegillet82.fr\/wp-content\/uploads\/2024\/04\/cropped-famille-1-1-300x248.jpg 300w\" sizes=\"auto, (max-width: 598px) 100vw, 598px\" \/>\n                      <div class=\"h-image__frame h-hide-lg h-hide-md h-hide-sm style-524-frameImage style-local-1013-c15-frameImage\"><\/div>\n                    <\/div>\n                  <\/div>\n                <\/div>\n              <\/div>\n            <\/div>\n          <\/div>\n        <\/div>\n      <\/div>\n    <\/div>\n  <\/div>\n<\/div>","protected":false},"excerpt":{"rendered":"<p>Les s\u00e9ances sont prises en charge par votre mutuelle selon votre contrat&nbsp; Bilan naturopathique (avec fiche conseil)&nbsp;: 70\u20ac .&nbsp; S\u00e9ance de suivi et\/ou r\u00e9glage alimentaire&nbsp;: 45\u20ac S\u00e9ance d&rsquo;hypnose d\u20191h30: 60\u20ac S\u00e9ance d&rsquo;hypnose spirituelle&nbsp;2h30: 90\u20ac Atelier d\u00e9couverte de&nbsp;groupe 2h30&nbsp;:&nbsp;30\u20ac Massages 1h (r\u00e9flexologie plantaire, chi nei tsang, bien-\u00eatre) 60\u20ac S\u00e9ance sophro-relaxation 1h 30 :&nbsp; individuelle : 45\u20ac [&hellip;]<\/p>\n","protected":false},"author":1,"featured_media":0,"parent":0,"menu_order":0,"comment_status":"closed","ping_status":"closed","template":"page-templates\/full-width-page.php","meta":{"footnotes":""},"class_list":["post-1013","page","type-page","status-publish","hentry"],"_links":{"self":[{"href":"https:\/\/amandinegillet82.fr\/index.php?rest_route=\/wp\/v2\/pages\/1013","targetHints":{"allow":["GET"]}}],"collection":[{"href":"https:\/\/amandinegillet82.fr\/index.php?rest_route=\/wp\/v2\/pages"}],"about":[{"href":"https:\/\/amandinegillet82.fr\/index.php?rest_route=\/wp\/v2\/types\/page"}],"author":[{"embeddable":true,"href":"https:\/\/amandinegillet82.fr\/index.php?rest_route=\/wp\/v2\/users\/1"}],"replies":[{"embeddable":true,"href":"https:\/\/amandinegillet82.fr\/index.php?rest_route=%2Fwp%2Fv2%2Fcomments&post=1013"}],"version-history":[{"count":15,"href":"https:\/\/amandinegillet82.fr\/index.php?rest_route=\/wp\/v2\/pages\/1013\/revisions"}],"predecessor-version":[{"id":2415,"href":"https:\/\/amandinegillet82.fr\/index.php?rest_route=\/wp\/v2\/pages\/1013\/revisions\/2415"}],"wp:attachment":[{"href":"https:\/\/amandinegillet82.fr\/index.php?rest_route=%2Fwp%2Fv2%2Fmedia&parent=1013"}],"curies":[{"name":"wp","href":"https:\/\/api.w.org\/{rel}","templated":true}]}}