{"id":1144,"date":"2024-05-02T17:46:06","date_gmt":"2024-05-02T15:46:06","guid":{"rendered":"https:\/\/amandinegillet82.fr\/?page_id=1144"},"modified":"2024-05-04T06:19:23","modified_gmt":"2024-05-04T04:19:23","slug":"naturopathie-2","status":"publish","type":"page","link":"https:\/\/amandinegillet82.fr\/?page_id=1144","title":{"rendered":"Naturopathie"},"content":{"rendered":"<div data-colibri-id=\"1144-c1\" class=\"style-470 style-local-1144-c1 position-relative\">\n  <!----><\/p>\n<div data-colibri-component=\"section\" data-colibri-id=\"1144-c2\" id=\"initial-content\" class=\"h-section h-section-global-spacing d-flex align-items-lg-center align-items-md-center align-items-center style-471 style-local-1144-c2 position-relative\">\n    <!----><br \/>\n    <!----><\/p>\n<div class=\"h-section-grid-container h-section-boxed-container\">\n      <!----><\/p>\n<div data-colibri-id=\"1144-c3\" class=\"h-row-container gutters-row-lg-2 gutters-row-md-2 gutters-row-0 gutters-row-v-lg-2 gutters-row-v-md-2 gutters-row-v-2 style-472 style-local-1144-c3 position-relative\">\n        <!----><\/p>\n<div class=\"h-row justify-content-lg-center justify-content-md-center justify-content-center align-items-lg-stretch align-items-md-stretch align-items-stretch gutters-col-lg-2 gutters-col-md-2 gutters-col-0 gutters-col-v-lg-2 gutters-col-v-md-2 gutters-col-v-2\">\n          <!----><\/p>\n<div class=\"h-column h-column-container d-flex h-col-lg-auto h-col-md-auto h-col-auto style-473-outer style-local-1144-c4-outer\">\n<div data-colibri-id=\"1144-c4\" class=\"d-flex h-flex-basis h-column__inner h-px-lg-2 h-px-md-2 h-px-2 v-inner-lg-2 v-inner-md-2 v-inner-2 style-473 style-local-1144-c4 position-relative\">\n              <!----><br \/>\n              <!----><\/p>\n<div class=\"w-100 h-y-container h-column__content h-column__v-align flex-basis-100 align-self-lg-start align-self-md-start align-self-start\">\n                <!----><\/p>\n<div data-colibri-id=\"1144-c5\" class=\"style-474 style-local-1144-c5 position-relative h-element\">\n                  <!----><\/p>\n<div>\n\n\n<p><strong><u>La naturopathie<\/u><\/strong> est une approche naturelle, holistique (globale), \u00e9ducative et pr\u00e9ventive de la sant\u00e9. Elle vise \u00e0 soutenir, stimuler et renforcer la sant\u00e9 globale de l\u2019individu, la qualit\u00e9 de vie, ainsi que les processus d\u2019auto gu\u00e9rison \u00e0 l\u2019aide de moyens naturels.<\/p>\n\n\n\n<p>Le naturopathe ne s\u2019int\u00e9resse pas simplement au sympt\u00f4me d\u2019un trouble de sant\u00e9, mais envisage le corps dans sa globalit\u00e9 (physique, physiologique, psychique), et\u00a0devant \u00eatre \u00e9valu\u00e9 dans son ensemble. Aussi le naturopathe ne \u00ab gu\u00e9rit \u00bb pas le sympt\u00f4me, il en recherche la cause\u00a0afin d\u2019agir sur l\u2019origine des troubles; puis il conseille la personne sur les modifications \u00e0 apporter \u00e0 son hygi\u00e8ne de vie et les moyens \u00e0 mettre en oeuvre. <\/p>\n\n\n\n<p>Il s&rsquo;agit donc d&rsquo;un ensemble des pratiques visant \u00e0 aider l\u2019organisme \u00e0 gu\u00e9rir de lui-m\u00eame par des moyens exclusivement naturels. Elle consiste \u00e0 renforcer les r\u00e9actions de d\u00e9fense de l\u2019organisme par diverses mesures d\u2019hygi\u00e8ne et \u00e0\n                      l\u2019aide de moyens naturels: r\u00e9\u00e9quilibrage alimentaire (di\u00e9t\u00e9tique, nutrition et micro-nutrition, cures, d\u00e9tox, je\u00fbnes\u2026) activit\u00e9 physique, sommeil et relaxation, gestion du stress et des \u00e9motions, massages, phytoth\u00e9rapie et aromath\u00e9rapie,\n                      hydrologie ( etc). La naturopathie repose en grande partie sur le principe que la force vitale peut permettre de gu\u00e9rir spontan\u00e9ment.<\/p>\n\n\n\n<h2 class=\"wp-block-heading\"><strong>La naturopathie, \u00e0 quoi \u00e7a sert ?<\/strong><\/h2>\n\n\n\n<p>En modifiant son hygi\u00e8ne de vie, elle permet de maintenir le corps en bonne sant\u00e9, d\u2019am\u00e9liorer son bien-\u00eatre physique et psychique et ainsi pr\u00e9vient l&rsquo;installation de d\u00e9sordres sources de douleurs et autres affections. Il s&rsquo;agit donc\n                      d&rsquo;une discipline de retour \u00e0 l&rsquo;\u00e9quilibre et d&rsquo;entretien de la sant\u00e9.<\/p>\n\n\n\n<h2 class=\"wp-block-heading\">Pour en savoir plus :<\/h2>\n\n\n\n<p>La naturopathie propose donc une approche globale de chaque \u00eatre humain dans sa r\u00e9alit\u00e9 physique, mentale et \u00e9motionnelle car toutes ces dimensions interagissent sur notre sant\u00e9, notre vitalit\u00e9 et notre qualit\u00e9 de vie. La naturopathie\n                      ne s\u2019int\u00e9resse pas simplement au sympt\u00f4me d\u2019un trouble de sant\u00e9, mais envisage le corps dans sa globalit\u00e9 (physique, physiologique, psychique), comme un tout, devant \u00eatre \u00e9valu\u00e9 dans son ensemble. Aussi le naturopathe ne \u00ab gu\u00e9rit\n                      \u00bb pas le sympt\u00f4me, il recherche la cause de la cause ayant conduit \u00e0 la manifestation du (des) sympt\u00f4me(s)&nbsp; afin d\u2019agir sur l\u2019origine des troubles. &nbsp;<\/p>\n\n\n\n<p>Le Naturopathe \u00e9tablit un \u00ab bilan vital \u00bb \u00e9tabli d\u2019apr\u00e8s \u00ab l\u2019anamn\u00e8se \u00bb et les diff\u00e9rents bilans faits lors d\u2019un entretien. Ce bilan vital permet de mettre en \u00e9vidence la pr\u00e9sence, l\u2019absence ou le manque de \u00ab force vitale \u00bb chez un\n                      individu, et permet au naturopathe d\u2019indiquer les conseils d\u2019hygi\u00e8ne de vie n\u00e9cessaires pour maintenir ou restaurer l\u2019\u00e9tat de bonne sant\u00e9.<\/p>\n\n\n\n<p>Si l\u2019individu est en bonne sant\u00e9, le Naturopathe fera de la \u00ab pr\u00e9vention \u00bb en veillant \u00e0 maintenir une bonne hom\u00e9ostasie (\u00e9quilibre). Si l\u2019individu est malade (maladie chronique ou r\u00e9cidivante), il fera appel au ph\u00e9nom\u00e8ne \u00ab d\u2019auto-gu\u00e9rison\n                      \u00bb en indiquant les conseils d\u2019hygi\u00e8ne de vie qui permettront \u00e0 la personne de faire remonter sa \u00ab force vitale \u00bb de mani\u00e8re \u00e0 restaurer son \u00e9quilibre de sant\u00e9.<\/p>\n\n\n\n<h2 class=\"wp-block-heading\"><strong>Pour qui ? Pour quoi ?<\/strong><\/h2>\n\n\n\n<p>Pour tous, quel que soit l\u2019\u00e2ge et \u00e0 diff\u00e9rentes \u00e9tapes de la vie, la naturopathie aide \u00e0 :<\/p>\n\n\n\n<ul class=\"wp-block-list\">\n<li>Maintenir un \u00e9tat de sant\u00e9 optimal** en fonction de son terrain<\/li>\n\n\n\n<li>&nbsp;acompagner naturellement certains troubles chroniques tels que : intol\u00e9rances alimentaires, fatigue, <strong>troubles digestifs<\/strong>, allergies, sommeil perturb\u00e9, acidose, cholest\u00e9rol, douleurs articulaires, troubles digestifs,\n                        ORL, allergies, migraines, probl\u00e8mes de peau, d\u00e9prime\u2026\u2026<\/li>\n\n\n\n<li>Accompagner des maladies qui ont \u00e9t\u00e9 pr\u00e9alablement diagnostiqu\u00e9es par un m\u00e9decin*<\/li>\n\n\n\n<li>Apprendre \u00e0 mieux g\u00e9rer son stress et ses \u00e9motions<\/li>\n\n\n\n<li>Comprendre et d\u00e9passer ses addictions (sucre, sel, tabac, sodas, \u2026)<\/li>\n\n\n\n<li>Gagner un poids de forme de mani\u00e8re durable<\/li>\n\n\n\n<li>Se faire aider dans les \u00e9tapes de la vie : enfance, \u00e9tudes, grossesse, allaitement, m\u00e9nopause, andropause, avanc\u00e9e en \u00e2ge\u2026<\/li>\n\n\n\n<li>Accompagner le sportif : gestion du stress oxydatif, nutrition, immunit\u00e9, \u00e9cosyst\u00e8me digestif\u2026<\/li>\n<\/ul>\n\n\n\n<hr class=\"wp-block-separator has-alpha-channel-opacity\"\/>\n\n\n\n<p>*Le naturopathe ne remplace en aucun cas le m\u00e9decin, ne pose aucun diagnostic, ne modifie ni ne fait arr\u00eater les traitements m\u00e9dicaux en cours. Ses conseils n\u2019excluent pas le suivi de toutes prescriptions m\u00e9dicales.\n                      <br>Le naturopathe est tenu \u00e0 la confidentialit\u00e9 des consultations.<\/p>\n\n\n\n<p><strong>Un \u00e9tat de sant\u00e9 optimal, d\u00e9finition de l\u2019OMS :<\/strong><\/p>\n\n\n\n<p>\u00a0\u00bb <em>La sant\u00e9 est un \u00e9tat de complet bien-\u00eatre physique, mental et social, et ne consiste pas seulement en une absence de maladie ou d\u2019infirmit\u00e9<\/em> \u00ab\u00a0<\/p>\n\n\n<\/div><\/div>\n<\/p><\/div>\n<\/p><\/div>\n<\/p><\/div>\n<\/p><\/div>\n<\/p><\/div>\n<\/p><\/div>\n<\/p><\/div>\n<div data-colibri-component=\"section\" data-colibri-id=\"1144-c6\" id=\"custom\" class=\"h-section h-section-global-spacing d-flex align-items-lg-center align-items-md-center align-items-center style-475 style-local-1144-c6 position-relative\">\n    <!----><br \/>\n    <!----><\/p>\n<div class=\"h-section-grid-container h-section-boxed-container\">\n      <!----><\/p>\n<div data-colibri-id=\"1144-c7\" class=\"h-row-container gutters-row-lg-2 gutters-row-md-2 gutters-row-0 gutters-row-v-lg-2 gutters-row-v-md-2 gutters-row-v-2 style-476 style-local-1144-c7 position-relative\">\n        <!----><\/p>\n<div class=\"h-row justify-content-lg-center justify-content-md-center justify-content-center align-items-lg-stretch align-items-md-stretch align-items-stretch gutters-col-lg-2 gutters-col-md-2 gutters-col-0 gutters-col-v-lg-2 gutters-col-v-md-2 gutters-col-v-2\">\n          <!----><\/p>\n<div class=\"h-column h-column-container d-flex h-col-lg-auto h-col-md-auto h-col-auto style-477-outer style-local-1144-c8-outer\">\n<div data-colibri-id=\"1144-c8\" class=\"d-flex h-flex-basis h-column__inner h-px-lg-2 h-px-md-2 h-px-2 v-inner-lg-2 v-inner-md-2 v-inner-2 style-477 style-local-1144-c8 position-relative\">\n              <!----><br \/>\n              <!----><\/p>\n<div class=\"w-100 h-y-container h-column__content h-column__v-align flex-basis-100 align-self-lg-start align-self-md-start align-self-start\">\n                <!----><\/p>\n<div data-colibri-id=\"1144-c11\" class=\"d-block style-480 style-local-1144-c11 position-relative h-element\">\n                  <!----><\/p>\n<div class=\"h-image__frame-container-outer\">\n<div class=\"h-image__frame-container\">\n                      <!----><br \/>\n                      <!----><br \/>\n                      <img loading=\"lazy\" decoding=\"async\" width=\"363\" height=\"398\" src=\"https:\/\/amandinegillet82.fr\/wp-content\/uploads\/2024\/05\/cropped-onnepeutsoignerlapartiesanssoignerletout1.png\" class=\"wp-image-1325 style-480-image style-local-1144-c11-image\" alt=\"\" srcset=\"https:\/\/amandinegillet82.fr\/wp-content\/uploads\/2024\/05\/cropped-onnepeutsoignerlapartiesanssoignerletout1.png 363w, https:\/\/amandinegillet82.fr\/wp-content\/uploads\/2024\/05\/cropped-onnepeutsoignerlapartiesanssoignerletout1-274x300.png 274w\" sizes=\"auto, (max-width: 363px) 100vw, 363px\" \/><\/p>\n<div class=\"h-image__frame h-hide-lg h-hide-md h-hide-sm style-480-frameImage style-local-1144-c11-frameImage\"><\/div>\n<\/p><\/div>\n<\/p><\/div>\n<\/p><\/div>\n<\/p><\/div>\n<\/p><\/div>\n<\/p><\/div>\n<div class=\"h-column h-column-container d-flex h-col-lg-auto h-col-md-auto h-col-auto style-478-outer style-local-1144-c9-outer\">\n<div data-colibri-id=\"1144-c9\" class=\"d-flex h-flex-basis h-column__inner h-px-lg-2 h-px-md-2 h-px-2 v-inner-lg-2 v-inner-md-2 v-inner-2 style-478 style-local-1144-c9 position-relative\">\n              <!----><br \/>\n              <!----><\/p>\n<div class=\"w-100 h-y-container h-column__content h-column__v-align flex-basis-100 align-self-lg-start align-self-md-start align-self-start\">\n                <!----><\/p>\n<div data-colibri-id=\"1144-c10\" class=\"d-block style-479 style-local-1144-c10 position-relative h-element\">\n                  <!----><\/p>\n<div class=\"h-image__frame-container-outer\">\n<div class=\"h-image__frame-container\">\n                      <!----><br \/>\n                      <!----><br \/>\n                      <img loading=\"lazy\" decoding=\"async\" width=\"500\" height=\"357\" src=\"https:\/\/amandinegillet82.fr\/wp-content\/uploads\/2024\/05\/cropped-santehippocrate.jpg\" class=\"wp-image-1327 style-479-image style-local-1144-c10-image\" alt=\"\" srcset=\"https:\/\/amandinegillet82.fr\/wp-content\/uploads\/2024\/05\/cropped-santehippocrate.jpg 500w, https:\/\/amandinegillet82.fr\/wp-content\/uploads\/2024\/05\/cropped-santehippocrate-300x214.jpg 300w\" sizes=\"auto, (max-width: 500px) 100vw, 500px\" \/><\/p>\n<div class=\"h-image__frame h-hide-lg h-hide-md h-hide-sm style-479-frameImage style-local-1144-c10-frameImage\"><\/div>\n<\/p><\/div>\n<\/p><\/div>\n<\/p><\/div>\n<\/p><\/div>\n<\/p><\/div>\n<\/p><\/div>\n<\/p><\/div>\n<\/p><\/div>\n<\/p><\/div>\n<\/p><\/div>\n<div data-colibri-component=\"section\" data-colibri-id=\"1144-c12\" id=\"about\" class=\"h-section h-section-global-spacing d-flex align-items-lg-center align-items-md-center align-items-center style-481 style-local-1144-c12 position-relative\">\n    <!----><br \/>\n    <!----><\/p>\n<div class=\"h-section-grid-container h-section-boxed-container\">\n<div data-colibri-id=\"1144-c17\" class=\"h-row-container gutters-row-lg-2 gutters-row-md-2 gutters-row-2 gutters-row-v-lg-2 gutters-row-v-md-2 gutters-row-v-2 style-486 style-local-1144-c17 position-relative\">\n        <!----><\/p>\n<div class=\"h-row justify-content-lg-center justify-content-md-center justify-content-center align-items-lg-stretch align-items-md-stretch align-items-stretch gutters-col-lg-2 gutters-col-md-2 gutters-col-2 gutters-col-v-lg-2 gutters-col-v-md-2 gutters-col-v-2\">\n          <!----><\/p>\n<div class=\"h-column h-column-container d-flex h-col-lg-auto h-col-md-auto h-col-auto style-487-outer style-local-1144-c18-outer\">\n<div data-colibri-id=\"1144-c18\" class=\"d-flex h-flex-basis h-column__inner h-px-lg-2 h-px-md-2 h-px-2 v-inner-lg-2 v-inner-md-2 v-inner-2 style-487 style-local-1144-c18 position-relative\">\n              <!----><br \/>\n              <!----><\/p>\n<div class=\"w-100 h-y-container h-column__content h-column__v-align flex-basis-100 align-self-lg-start align-self-md-start align-self-start\">\n                <!----><\/p>\n<div data-colibri-id=\"1144-c22\" class=\"h-x-container style-491 style-local-1144-c22 position-relative h-element\">\n                  <!----><\/p>\n<div class=\"h-x-container-inner style-dynamic-1144-c22-group style-491-spacing style-local-1144-c22-spacing\"><span class=\"h-button__outer style-492-outer style-local-1144-c23-outer d-inline-flex h-element\"><a h-use-smooth-scroll=\"true\" href=\"\"  data-colibri-id=\"1144-c23\" class=\"d-flex w-100 align-items-center h-button justify-content-lg-center justify-content-md-center justify-content-center style-492 style-local-1144-c23 position-relative\"><!----><!----> <span>get started now<\/span><\/a><br \/>\n                    <\/span>\n                  <\/div>\n<\/p><\/div>\n<\/p><\/div>\n<\/p><\/div>\n<\/p><\/div>\n<\/p><\/div>\n<\/p><\/div>\n<div data-colibri-id=\"1144-c13\" class=\"h-row-container gutters-row-lg-0 gutters-row-md-0 gutters-row-0 gutters-row-v-lg-0 gutters-row-v-md-0 gutters-row-v-0 style-482 style-local-1144-c13 h-overflow-hidden position-relative\">\n        <!----><\/p>\n<div class=\"h-row justify-content-lg-center justify-content-md-center justify-content-center align-items-lg-end align-items-md-end align-items-end gutters-col-lg-0 gutters-col-md-0 gutters-col-0 gutters-col-v-lg-0 gutters-col-v-md-0 gutters-col-v-0\">\n          <!----><\/p>\n<div class=\"h-column h-column-container d-flex h-col-lg-auto h-col-md-auto h-col-auto align-self-lg-end align-self-md-end align-self-end style-483-outer style-local-1144-c14-outer\">\n<div data-colibri-id=\"1144-c14\" class=\"d-flex h-flex-basis h-column__inner h-px-lg-0 h-px-md-0 h-px-0 v-inner-lg-0 v-inner-md-0 v-inner-0 style-483 style-local-1144-c14 position-relative\">\n              <!----><br \/>\n              <!----><\/p>\n<div class=\"w-100 h-y-container h-column__content h-column__v-align flex-basis-100 align-self-lg-end align-self-md-end align-self-end\">\n                <!----><\/p>\n<div data-colibri-id=\"1144-c24\" class=\"d-block style-493 style-local-1144-c24 position-relative h-element\">\n                  <!----><\/p>\n<div class=\"h-image__frame-container-outer\">\n<div class=\"h-image__frame-container\">\n                      <!----><br \/>\n                      <!----><br \/>\n                      <img loading=\"lazy\" decoding=\"async\" width=\"652\" height=\"493\" src=\"https:\/\/amandinegillet82.fr\/wp-content\/uploads\/2024\/05\/cropped-tisanedetox.png\" class=\"wp-image-1338 style-493-image style-local-1144-c24-image\" alt=\"\" srcset=\"https:\/\/amandinegillet82.fr\/wp-content\/uploads\/2024\/05\/cropped-tisanedetox.png 652w, https:\/\/amandinegillet82.fr\/wp-content\/uploads\/2024\/05\/cropped-tisanedetox-300x227.png 300w\" sizes=\"auto, (max-width: 652px) 100vw, 652px\" \/><\/p>\n<div class=\"h-image__frame h-hide-lg h-hide-md h-hide-sm style-493-frameImage style-local-1144-c24-frameImage\"><\/div>\n<\/p><\/div>\n<\/p><\/div>\n<\/p><\/div>\n<\/p><\/div>\n<\/p><\/div>\n<\/p><\/div>\n<div class=\"h-column h-column-container d-flex h-col-lg-auto h-col-md-auto h-col-auto align-self-lg-end align-self-md-end align-self-end style-484-outer style-local-1144-c15-outer\">\n<div data-colibri-id=\"1144-c15\" class=\"d-flex h-flex-basis h-column__inner h-px-lg-0 h-px-md-0 h-px-0 v-inner-lg-0 v-inner-md-0 v-inner-0 style-484 style-local-1144-c15 position-relative\">\n              <!----><br \/>\n              <!----><\/p>\n<div class=\"w-100 h-y-container h-column__content h-column__v-align flex-basis-100 align-self-lg-start align-self-md-start align-self-end\">\n                <!----><\/p>\n<div data-colibri-id=\"1144-c25\" class=\"d-block style-494 style-local-1144-c25 position-relative h-element\">\n                  <!----><\/p>\n<div class=\"h-image__frame-container-outer\">\n<div class=\"h-image__frame-container\">\n                      <!----><br \/>\n                      <!----><br \/>\n                      <img loading=\"lazy\" decoding=\"async\" width=\"639\" height=\"427\" src=\"https:\/\/amandinegillet82.fr\/wp-content\/uploads\/2024\/05\/cropped-alimenationsaine.png\" class=\"wp-image-1336 style-494-image style-local-1144-c25-image\" alt=\"\" srcset=\"https:\/\/amandinegillet82.fr\/wp-content\/uploads\/2024\/05\/cropped-alimenationsaine.png 639w, https:\/\/amandinegillet82.fr\/wp-content\/uploads\/2024\/05\/cropped-alimenationsaine-300x200.png 300w\" sizes=\"auto, (max-width: 639px) 100vw, 639px\" \/><\/p>\n<div class=\"h-image__frame h-hide-lg h-hide-md h-hide-sm style-494-frameImage style-local-1144-c25-frameImage\"><\/div>\n<\/p><\/div>\n<\/p><\/div>\n<\/p><\/div>\n<\/p><\/div>\n<\/p><\/div>\n<\/p><\/div>\n<div class=\"h-column h-column-container d-flex h-col-lg-auto h-col-md-auto h-col-auto align-self-lg-end align-self-md-end align-self-end style-485-outer style-local-1144-c16-outer\">\n<div data-colibri-id=\"1144-c16\" class=\"d-flex h-flex-basis h-column__inner h-px-lg-0 h-px-md-0 h-px-0 v-inner-lg-0 v-inner-md-0 v-inner-0 style-485 style-local-1144-c16 position-relative\">\n              <!----><br \/>\n              <!----><\/p>\n<div class=\"w-100 h-y-container h-column__content h-column__v-align flex-basis-100 align-self-lg-end align-self-md-end align-self-end\">\n                <!----><\/p>\n<div data-colibri-id=\"1144-c26\" class=\"d-block style-495 style-local-1144-c26 position-relative h-element\">\n                  <!----><\/p>\n<div class=\"h-image__frame-container-outer\">\n<div class=\"h-image__frame-container\">\n                      <!----><br \/>\n                      <!----><br \/>\n                      <img loading=\"lazy\" decoding=\"async\" width=\"375\" height=\"408\" src=\"https:\/\/amandinegillet82.fr\/wp-content\/uploads\/2024\/05\/cropped-cropped-foretrespirerpromenade.png\" class=\"wp-image-1341 style-495-image style-local-1144-c26-image\" alt=\"\" srcset=\"https:\/\/amandinegillet82.fr\/wp-content\/uploads\/2024\/05\/cropped-cropped-foretrespirerpromenade.png 375w, https:\/\/amandinegillet82.fr\/wp-content\/uploads\/2024\/05\/cropped-cropped-foretrespirerpromenade-276x300.png 276w\" sizes=\"auto, (max-width: 375px) 100vw, 375px\" \/><\/p>\n<div class=\"h-image__frame h-hide-lg h-hide-md h-hide-sm style-495-frameImage style-local-1144-c26-frameImage\"><\/div>\n<\/p><\/div>\n<\/p><\/div>\n<\/p><\/div>\n<\/p><\/div>\n<\/p><\/div>\n<\/p><\/div>\n<\/p><\/div>\n<\/p><\/div>\n<\/p><\/div>\n<\/p><\/div>\n<\/div>","protected":false},"excerpt":{"rendered":"<p>La naturopathie est une approche naturelle, holistique (globale), \u00e9ducative et pr\u00e9ventive de la sant\u00e9. Elle vise \u00e0 soutenir, stimuler et renforcer la sant\u00e9 globale de l\u2019individu, la qualit\u00e9 de vie, ainsi que les processus d\u2019auto gu\u00e9rison \u00e0 l\u2019aide de moyens naturels. Le naturopathe ne s\u2019int\u00e9resse pas simplement au sympt\u00f4me d\u2019un trouble de sant\u00e9, mais envisage [&hellip;]<\/p>\n","protected":false},"author":1,"featured_media":0,"parent":63,"menu_order":1,"comment_status":"closed","ping_status":"closed","template":"page-templates\/full-width-page.php","meta":{"footnotes":""},"class_list":["post-1144","page","type-page","status-publish","hentry"],"_links":{"self":[{"href":"https:\/\/amandinegillet82.fr\/index.php?rest_route=\/wp\/v2\/pages\/1144","targetHints":{"allow":["GET"]}}],"collection":[{"href":"https:\/\/amandinegillet82.fr\/index.php?rest_route=\/wp\/v2\/pages"}],"about":[{"href":"https:\/\/amandinegillet82.fr\/index.php?rest_route=\/wp\/v2\/types\/page"}],"author":[{"embeddable":true,"href":"https:\/\/amandinegillet82.fr\/index.php?rest_route=\/wp\/v2\/users\/1"}],"replies":[{"embeddable":true,"href":"https:\/\/amandinegillet82.fr\/index.php?rest_route=%2Fwp%2Fv2%2Fcomments&post=1144"}],"version-history":[{"count":5,"href":"https:\/\/amandinegillet82.fr\/index.php?rest_route=\/wp\/v2\/pages\/1144\/revisions"}],"predecessor-version":[{"id":1518,"href":"https:\/\/amandinegillet82.fr\/index.php?rest_route=\/wp\/v2\/pages\/1144\/revisions\/1518"}],"up":[{"embeddable":true,"href":"https:\/\/amandinegillet82.fr\/index.php?rest_route=\/wp\/v2\/pages\/63"}],"wp:attachment":[{"href":"https:\/\/amandinegillet82.fr\/index.php?rest_route=%2Fwp%2Fv2%2Fmedia&parent=1144"}],"curies":[{"name":"wp","href":"https:\/\/api.w.org\/{rel}","templated":true}]}}