{"id":1362,"date":"2024-05-03T12:07:09","date_gmt":"2024-05-03T10:07:09","guid":{"rendered":"https:\/\/amandinegillet82.fr\/?page_id=1362"},"modified":"2024-11-21T14:33:51","modified_gmt":"2024-11-21T13:33:51","slug":"exemple-daccompagnement","status":"publish","type":"page","link":"https:\/\/amandinegillet82.fr\/?page_id=1362","title":{"rendered":"Exemple d&rsquo;accompagnement"},"content":{"rendered":"<div data-colibri-id=\"1362-c1\" class=\"style-500 style-local-1362-c1 position-relative\">\n  <!---->\n  <div data-colibri-component=\"section\" data-colibri-id=\"1362-c2\" id=\"initial-content\" class=\"h-section h-section-global-spacing d-flex align-items-lg-center align-items-md-center align-items-center style-501 style-local-1362-c2 position-relative\">\n    <!---->\n    <!---->\n    <div class=\"h-section-grid-container h-section-boxed-container\">\n      <!---->\n      <div data-colibri-id=\"1362-c3\" class=\"h-row-container gutters-row-lg-2 gutters-row-md-2 gutters-row-0 gutters-row-v-lg-2 gutters-row-v-md-2 gutters-row-v-2 style-502 style-local-1362-c3 position-relative\">\n        <!---->\n        <div class=\"h-row justify-content-lg-center justify-content-md-center justify-content-center align-items-lg-stretch align-items-md-stretch align-items-stretch gutters-col-lg-2 gutters-col-md-2 gutters-col-0 gutters-col-v-lg-2 gutters-col-v-md-2 gutters-col-v-2\">\n          <!---->\n          <div class=\"h-column h-column-container d-flex h-col-lg-auto h-col-md-auto h-col-auto style-503-outer style-local-1362-c4-outer\">\n            <div data-colibri-id=\"1362-c4\" class=\"d-flex h-flex-basis h-column__inner h-px-lg-2 h-px-md-2 h-px-2 v-inner-lg-2 v-inner-md-2 v-inner-2 style-503 style-local-1362-c4 position-relative\">\n              <!---->\n              <!---->\n              <div class=\"w-100 h-y-container h-column__content h-column__v-align flex-basis-100 align-self-lg-start align-self-md-start align-self-start\">\n                <!---->\n                <div data-colibri-id=\"1362-c5\" class=\"style-504 style-local-1362-c5 position-relative h-element\">\n                  <!---->\n                  <div>\n                    \n                    <p>Voici deux exemples d&rsquo;accompagnement pluridisciplinaire&nbsp;:<\/p>\n                    \n\n                    \n                    <p>L\u2019\u00eatre humain est un tout, ses probl\u00e8mes de sant\u00e9 ont diverses origines en interaction permanente, le corps, le mental, le \u00e9motions sont \u00e0 consid\u00e9rer d\u2019un point de vue holistique pour r\u00e9tablir l\u2019hom\u00e9ostasie. Mes connaissances et comp\u00e9tences\n                      dans divers domaines li\u00e9s \u00e0 la sant\u00e9 permettent d\u2019atteindre vos objectifs de mieux \u00eatre et d\u2019\u00e9panouissement global.<\/p>\n                    \n\n                    \n                    <p>Lorsqu\u2019une personne vient me voir, nous discutons ensemble de ses objectifs et des moyens \u00e0 disposition pour l\u2019 atteindre&nbsp;; &nbsp;puis nous convenons d\u2019une d\u00e9marche ou d\u2019un programme et des techniques \u00e0 mettre en oeuvre selon\n                      ses besoins et ses pr\u00e9f\u00e9rences .<\/p>\n                    \n\n                    \n                    <p>La prise en charge d\u2019une personne s\u2019envisageant de fa\u00e7on globale, la pratique d\u2019activit\u00e9s compl\u00e9mentaires est essentielle pour un suivi de qualit\u00e9 et assurer l\u2019atteinte des objectifs.<\/p>\n                    \n\n                    \n                    <p>Par exemple, pour une personne qui souhaite arr\u00eate de fumer, je vais utiliser des techniques de relaxation-sophrologie et l\u2019hypnose th\u00e9rapeutique&nbsp;; et l\u2019obtention de r\u00e9sultats concrets et durables sera optimis\u00e9e par la mise en\n                      \u0153uvre en parall\u00e8le des conseils &nbsp;naturopathiques&nbsp;et de la psychoneuronutrition; en effet ces moyens permettent de pallier aux manques de certains neurotransmetteurs mais aussi pour g\u00e9rer la prise de poids \u00e9ventuelle li\u00e9e\n                      \u00e0 l\u2019arr\u00eat du tabac. &nbsp;<\/p>\n                    \n\n                    \n                    <p>Dans le cadre d\u2019un projet d\u2019amincissement, ou de recherche d\u2019un poids de forme, &nbsp;la prise en charge peut se faire dans un premier temps &nbsp;avec &nbsp;la naturopathie &nbsp;et, comme il faut tenir compte de param\u00e8tres comportementaux\n                      et des facteurs psychologiques, des s\u00e9ances d\u2019hypnose et de th\u00e9rapies psychocorporelles seront propos\u00e9es afin d\u2019obtenir des r\u00e9sultats profonds et durables.<\/p>\n                    \n                  <\/div>\n                <\/div>\n              <\/div>\n            <\/div>\n          <\/div>\n        <\/div>\n      <\/div>\n    <\/div>\n  <\/div>\n  <div data-colibri-component=\"section\" data-colibri-id=\"1362-c6\" id=\"custom\" class=\"h-section h-section-global-spacing d-flex align-items-lg-center align-items-md-center align-items-center style-505 style-local-1362-c6 position-relative\">\n    <!---->\n    <!---->\n    <div class=\"h-section-grid-container h-section-boxed-container\">\n      <!---->\n      <div data-colibri-id=\"1362-c7\" class=\"h-row-container gutters-row-lg-2 gutters-row-md-2 gutters-row-0 gutters-row-v-lg-2 gutters-row-v-md-2 gutters-row-v-2 style-508 style-local-1362-c7 position-relative\">\n        <!---->\n        <div class=\"h-row justify-content-lg-center justify-content-md-center justify-content-center align-items-lg-stretch align-items-md-stretch align-items-stretch gutters-col-lg-2 gutters-col-md-2 gutters-col-0 gutters-col-v-lg-2 gutters-col-v-md-2 gutters-col-v-2\">\n          <!---->\n          <div class=\"h-column h-column-container d-flex h-col-lg-auto h-col-md-auto h-col-auto style-509-outer style-local-1362-c8-outer\">\n            <div data-colibri-id=\"1362-c8\" class=\"d-flex h-flex-basis h-column__inner h-px-lg-2 h-px-md-2 h-px-2 v-inner-lg-2 v-inner-md-2 v-inner-2 style-509 style-local-1362-c8 position-relative\">\n              <!---->\n              <!---->\n              <div class=\"w-100 h-y-container h-column__content h-column__v-align flex-basis-100 align-self-lg-start align-self-md-start align-self-start\">\n                <!---->\n                <div data-colibri-id=\"1362-c9\" class=\"h-text h-text-component style-510 style-local-1362-c9 position-relative h-element\">\n                  <!---->\n                  <!---->\n                  <div class=\"\">\n                    <p><strong><u>En quoi ces diff\u00e9rentes pratiques (naturopathie, hypnose, th\u00e9rapies psychocorporelles) sont-elles compl\u00e9mentaires&nbsp;?<\/u><\/strong><\/p>\n                    <p>\n                      <u>\n                        <br>\n                      <\/u>En travaillant le terrain \u00e9motionnel en profondeur, l\u2019hypnose associ\u00e9e aux techniques psychocorporelles&nbsp;permettent \u00e0 la naturopathie de d\u00e9ployer ses outils plus efficacement, et inversement.&nbsp;Certaines \u00e9motions conscientes\n                      ou non peuvent impacter directement sur le bien-\u00eatre physique et psychique&nbsp;; rappelons que \u00ab&nbsp;ce qui ne s\u2019exprime pas s\u2019imprime ! \u00bb&nbsp;Le corps va bien quand l\u2019esprit va bien et inversement. Ainsi la naturopathie gr\u00e2ce\n                      \u00e0 ses divers outils permet \u00e9galement aux th\u00e9rapies d\u2019\u00eatre plus efficaces. <\/p>\n                    <p><strong><u>Sur quels types de mal-\u00eatre et de probl\u00e9matique l\u2019association de ces diverses th\u00e9rapies se r\u00e9v\u00e8le-t-elle particuli\u00e8rement efficace&nbsp;?<\/u><\/strong><\/p>\n                    <p>La lib\u00e9ration des \u00e9motions permet au corps et \u00e0 l\u2019esprit de s\u2019harmoniser pour trouver ou retrouver un \u00e9quilibre et une qualit\u00e9 de vie g\u00e9n\u00e9rale.&nbsp;Ainsi la compl\u00e9mentarit\u00e9 de ces diff\u00e9rentes&nbsp;approches peut se montrer efficace\n                      pour l\u2019accompagnement de probl\u00e8mes tels que les addictions, le&nbsp;<strong>surpoids, l\u2019anxi\u00e9t\u00e9, les peurs, le stress,&nbsp;le sommeil, les probl\u00e8mes digestifs, \u2026 tout type de troubles de sant\u00e9 chronique ou blocages inconscients, sc\u00e9narios r\u00e9p\u00e9titifs etc<\/strong><\/p>\n                    <p>\n                      <br>\n                    <\/p>\n                    <p><strong><u>NB&nbsp;:<\/u><\/strong>&nbsp;Les th\u00e9rapies non conventionnelles (compl\u00e9mentaires, alternatives et de sant\u00e9 int\u00e9gratives) visent \u00e0 combiner diff\u00e9rentes pratiques&nbsp;avec la m\u00e9decine conventionnelle lorsque cela est appropri\u00e9,<strong><u>&nbsp;elles ne remplacent en aucun cas un suivi m\u00e9dical et ne posent pas de diagnostic. <\/u><\/strong><\/p>\n                    <p><strong><u>Il ne sera jamais demand\u00e9 suspendre ou modifier un traitement en cours,&nbsp;il de convient toujours de demander un avis \u00e0 son m\u00e9decin avant de suspendre ou modifier un traitement.<\/u><\/strong><\/p>\n                    <p>Ces diverses techniques d\u2019accompagnement que je vous propose partent du pr\u00e9 suppos\u00e9 que l\u2019on a tous en nous les ressources pour aller mieux, pour aller bien et privil\u00e9gient l\u2019\u00e9ducation \u00e0 la sant\u00e9 et\n                      <u>&nbsp;l\u2019autonomie de la personne.<\/u>\n                    <\/p>\n                  <\/div>\n                <\/div>\n              <\/div>\n            <\/div>\n          <\/div>\n        <\/div>\n      <\/div>\n      <div data-colibri-id=\"1362-c10\" class=\"h-row-container gutters-row-lg-2 gutters-row-md-2 gutters-row-0 gutters-row-v-lg-2 gutters-row-v-md-2 gutters-row-v-2 style-506 style-local-1362-c10 position-relative\">\n        <!---->\n        <div class=\"h-row justify-content-lg-center justify-content-md-center justify-content-center align-items-lg-stretch align-items-md-stretch align-items-stretch gutters-col-lg-2 gutters-col-md-2 gutters-col-0 gutters-col-v-lg-2 gutters-col-v-md-2 gutters-col-v-2\">\n          <!---->\n          <div class=\"h-column h-column-container d-flex h-col-lg-auto h-col-md-auto h-col-auto style-507-outer style-local-1362-c11-outer\">\n            <div data-colibri-id=\"1362-c11\" class=\"d-flex h-flex-basis h-column__inner h-px-lg-2 h-px-md-2 h-px-2 v-inner-lg-2 v-inner-md-2 v-inner-2 style-507 style-local-1362-c11 position-relative\">\n              <!---->\n              <!---->\n              <div class=\"w-100 h-y-container h-column__content h-column__v-align flex-basis-100 align-self-lg-start align-self-md-start align-self-start\">\n                <!---->\n                <div data-colibri-id=\"1362-c12\" class=\"h-row-container gutters-row-lg-2 gutters-row-md-2 gutters-row-0 gutters-row-v-lg-2 gutters-row-v-md-2 gutters-row-v-2 style-511 style-local-1362-c12 position-relative\">\n                  <!---->\n                  <div class=\"h-row justify-content-lg-center justify-content-md-center justify-content-center align-items-lg-stretch align-items-md-stretch align-items-stretch gutters-col-lg-2 gutters-col-md-2 gutters-col-0 gutters-col-v-lg-2 gutters-col-v-md-2 gutters-col-v-2\">\n                    <!---->\n                    <div class=\"h-column h-column-container d-flex h-col-lg-auto h-col-md-auto h-col-auto style-512-outer style-local-1362-c13-outer\">\n                      <div data-colibri-id=\"1362-c13\" class=\"d-flex h-flex-basis h-column__inner h-px-lg-2 h-px-md-2 h-px-2 v-inner-lg-2 v-inner-md-2 v-inner-2 style-512 style-local-1362-c13 position-relative\">\n                        <!---->\n                        <!---->\n                        <div class=\"w-100 h-y-container h-column__content h-column__v-align flex-basis-100 align-self-lg-start align-self-md-start align-self-start\">\n                          <!---->\n                          <div data-colibri-id=\"1362-c14\" class=\"d-block style-514 style-local-1362-c14 position-relative h-element\">\n                            <!---->\n                            <div class=\"h-image__frame-container-outer\">\n                              <div class=\"h-image__frame-container\">\n                                <!---->\n                                <!---->\n                                <img loading=\"lazy\" decoding=\"async\" width=\"560\" height=\"397\" src=\"https:\/\/amandinegillet82.fr\/wp-content\/uploads\/2024\/05\/cropped-Itableaueducationemotionsinteractionsante.png\" class=\"wp-image-1373 style-514-image style-local-1362-c14-image\" alt=\"\" srcset=\"https:\/\/amandinegillet82.fr\/wp-content\/uploads\/2024\/05\/cropped-Itableaueducationemotionsinteractionsante.png 560w, https:\/\/amandinegillet82.fr\/wp-content\/uploads\/2024\/05\/cropped-Itableaueducationemotionsinteractionsante-300x213.png 300w\" sizes=\"auto, (max-width: 560px) 100vw, 560px\" \/>\n                                <div class=\"h-image__frame h-hide-lg h-hide-md h-hide-sm style-514-frameImage style-local-1362-c14-frameImage\"><\/div>\n                              <\/div>\n                            <\/div>\n                          <\/div>\n                        <\/div>\n                      <\/div>\n                    <\/div>\n                    <div class=\"h-column h-column-container d-flex h-col-lg-auto h-col-md-auto h-col-auto style-513-outer style-local-1362-c15-outer\">\n                      <div data-colibri-id=\"1362-c15\" class=\"d-flex h-flex-basis h-column__inner h-px-lg-2 h-px-md-2 h-px-2 v-inner-lg-2 v-inner-md-2 v-inner-2 style-513 style-local-1362-c15 position-relative\">\n                        <!---->\n                        <!---->\n                        <div class=\"w-100 h-y-container h-column__content h-column__v-align flex-basis-100 align-self-lg-start align-self-md-start align-self-start\">\n                          <!---->\n                          <div data-colibri-id=\"1362-c16\" class=\"d-block style-515 style-local-1362-c16 position-relative h-element\">\n                            <!---->\n                            <div class=\"h-image__frame-container-outer\">\n                              <div class=\"h-image__frame-container\">\n                                <!---->\n                                <!---->\n                                <img loading=\"lazy\" decoding=\"async\" width=\"478\" height=\"333\" src=\"https:\/\/amandinegillet82.fr\/wp-content\/uploads\/2024\/05\/cropped-trouverensembledessolutions.png\" class=\"wp-image-1375 style-515-image style-local-1362-c16-image\" alt=\"\" srcset=\"https:\/\/amandinegillet82.fr\/wp-content\/uploads\/2024\/05\/cropped-trouverensembledessolutions.png 478w, https:\/\/amandinegillet82.fr\/wp-content\/uploads\/2024\/05\/cropped-trouverensembledessolutions-300x209.png 300w\" sizes=\"auto, (max-width: 478px) 100vw, 478px\" \/>\n                                <div class=\"h-image__frame h-hide-lg h-hide-md h-hide-sm style-515-frameImage style-local-1362-c16-frameImage\"><\/div>\n                              <\/div>\n                            <\/div>\n                          <\/div>\n                        <\/div>\n                      <\/div>\n                    <\/div>\n                  <\/div>\n                <\/div>\n              <\/div>\n            <\/div>\n          <\/div>\n        <\/div>\n      <\/div>\n    <\/div>\n  <\/div>\n<\/div>","protected":false},"excerpt":{"rendered":"<p>Voici deux exemples d&rsquo;accompagnement pluridisciplinaire&nbsp;: L\u2019\u00eatre humain est un tout, ses probl\u00e8mes de sant\u00e9 ont diverses origines en interaction permanente, le corps, le mental, le \u00e9motions sont \u00e0 consid\u00e9rer d\u2019un point de vue holistique pour r\u00e9tablir l\u2019hom\u00e9ostasie. Mes connaissances et comp\u00e9tences dans divers domaines li\u00e9s \u00e0 la sant\u00e9 permettent d\u2019atteindre vos objectifs de mieux \u00eatre [&hellip;]<\/p>\n","protected":false},"author":1,"featured_media":0,"parent":97,"menu_order":0,"comment_status":"closed","ping_status":"closed","template":"page-templates\/full-width-page.php","meta":{"footnotes":""},"class_list":["post-1362","page","type-page","status-publish","hentry"],"_links":{"self":[{"href":"https:\/\/amandinegillet82.fr\/index.php?rest_route=\/wp\/v2\/pages\/1362","targetHints":{"allow":["GET"]}}],"collection":[{"href":"https:\/\/amandinegillet82.fr\/index.php?rest_route=\/wp\/v2\/pages"}],"about":[{"href":"https:\/\/amandinegillet82.fr\/index.php?rest_route=\/wp\/v2\/types\/page"}],"author":[{"embeddable":true,"href":"https:\/\/amandinegillet82.fr\/index.php?rest_route=\/wp\/v2\/users\/1"}],"replies":[{"embeddable":true,"href":"https:\/\/amandinegillet82.fr\/index.php?rest_route=%2Fwp%2Fv2%2Fcomments&post=1362"}],"version-history":[{"count":6,"href":"https:\/\/amandinegillet82.fr\/index.php?rest_route=\/wp\/v2\/pages\/1362\/revisions"}],"predecessor-version":[{"id":2030,"href":"https:\/\/amandinegillet82.fr\/index.php?rest_route=\/wp\/v2\/pages\/1362\/revisions\/2030"}],"up":[{"embeddable":true,"href":"https:\/\/amandinegillet82.fr\/index.php?rest_route=\/wp\/v2\/pages\/97"}],"wp:attachment":[{"href":"https:\/\/amandinegillet82.fr\/index.php?rest_route=%2Fwp%2Fv2%2Fmedia&parent=1362"}],"curies":[{"name":"wp","href":"https:\/\/api.w.org\/{rel}","templated":true}]}}