{"id":1604,"date":"2024-05-04T07:10:59","date_gmt":"2024-05-04T05:10:59","guid":{"rendered":"https:\/\/amandinegillet82.fr\/?page_id=1604"},"modified":"2024-05-04T09:57:06","modified_gmt":"2024-05-04T07:57:06","slug":"1604-2","status":"publish","type":"page","link":"https:\/\/amandinegillet82.fr\/?page_id=1604","title":{"rendered":"Un accompagnement holistique"},"content":{"rendered":"<h2><span style=\"font-family: 'Calibri Light',sans-serif; mso-ascii-theme-font: major-latin; mso-hansi-theme-font: major-latin; mso-bidi-font-family: 'Times New Roman'; mso-bidi-theme-font: major-bidi; font-weight: normal;\">Naturopathie et hypnose, une\napproche globale pour faciliter votre bien-\u00eatre et atteindre vos objectifs.<\/span><\/h2>\n<!-- \/wp:post-content -->\n\n<!-- wp:paragraph {\"style\":{\"elements\":{\"link\":{\"color\":{\"text\":\"#291b16e8\"}}},\"color\":{\"text\":\"#291b16e8\"}}} -->\n\n<!-- wp:paragraph -->\n\nL\u2019\u00eatre humain n\u2019\u00e9tant pas qu\u2019une somme de parties, mais un tout coh\u00e9rent en interaction, c\u2019est lorsque les \u00e9motions, le corps et le mental sont en \u00e9quilibre que nous sommes en bonne sant\u00e9. Toutes ces dimensions de notre \u00eatre interagissent sur notre sant\u00e9, notre vitalit\u00e9 et notre qualit\u00e9 de vie.\u00a0C\u2019est lorsqu\u2019il y a un d\u00e9s\u00e9quilibre que les troubles de sant\u00e9 apparaissent. Gr\u00e2ce \u00e0 l\u2019association de diverses pratiques, je vous accompagne dans l\u2019atteinte de vos objectifs de sant\u00e9, de bien-\u00eatre et de d\u00e9veloppement personnel\n\n<!-- \/wp:paragraph -->\n<p class=\"has-text-color\">Que ce soit gr\u00e2ce \u00e0 la\u00a0<strong>naturopathie\u00a0<\/strong>ou \u00e0 l\u2019\u00a0<strong>hypnose\u00a0<\/strong>ou surtout gr\u00e2ce \u00e0 l\u2019 association des 2 techniques , je vous propose une approche<strong>\u00a0<\/strong>\u00e0 la fois\u00a0globale et individualis\u00e9e de votre probl\u00e9matique<strong>.<\/strong><strong>\u00a0<\/strong><\/p>\n<p class=\"has-text-color\">Je vous accompagne aussi bien pour\u00a0<strong>r\u00e9gler des probl\u00e8mes digestifs, renforcer vos d\u00e9fenses immunitaires, perdre du poids et conserver un poids sant\u00e9, gagner en \u00e9nergie, g\u00e9rer vos troubles du sommeil, accompagner un traitement allopathique \u2026\u00a0<\/strong>que pour vous permettre d\u2019aborder sereinement des \u00e9v\u00e8nements ou situations de votre vie susceptibles de g\u00e9n\u00e9rer du stress et de perturber vos \u00e9motions.<\/p>\n<p class=\"has-text-color\">En hypnose, j\u2019interviens \u00e9galement sur toutes les probl\u00e9matiques de troubles alimentaires, d\u2019addictions et de compulsions.<\/p>\n<!-- \/wp:paragraph -->\n\n<!-- wp:paragraph {\"style\":{\"color\":{\"text\":\"#2b1004d4\"},\"elements\":{\"link\":{\"color\":{\"text\":\"#2b1004d4\"}}}}} -->\n<p class=\"has-text-color\"><strong>Comment se passe la s\u00e9ance ?<\/strong><\/p>\n<!-- \/wp:paragraph -->\n\n<!-- wp:paragraph {\"style\":{\"color\":{\"text\":\"#2b1004d4\"},\"elements\":{\"link\":{\"color\":{\"text\":\"#2b1004d4\"}}}}} -->\n<p class=\"has-text-color\">Lorsqu&rsquo;une personne me consulte la premi\u00e8re fois soit en naturopathie, soit en hypnose et selon le cas de figure, il m&rsquo;apparait parfois n\u00e9cessaire de lui propose une synergie entre les diff\u00e9rentes techniques lorsque la probl\u00e9matique abord\u00e9e le justifie (souvent une ou deux s\u00e9ance d&rsquo;hypnose pour renforcer et augmenter les effets d&rsquo;un suivi naturopathique ou inversement des conseils en psychoneuronutrition pour booster le corps et le mental).\nEn naturopathie, la premi\u00e8re s\u00e9ance commence par un bilan de vitalit\u00e9 qui me permettra de conna\u00eetre vos attentes, mais \u00e9galement votre hygi\u00e8ne de vie, votre contexte socio-professionnel et votre historique de sant\u00e9 et des \u00e9v\u00e9nements de vie qui pourraitent expliquer des troubles psycho-somatiques ou chroniques. Je passe ensuite \u00e0 une phase d\u2019observation de votre morphologie globale. Gr\u00e2ce \u00e0 tous ces \u00e9l\u00e9ments, je vous propose alors un programme d\u2019hygi\u00e8ne de vie personnalis\u00e9 regroupant mes recommandations en alimentation, exercice\u00a0physique,\u00a0et gestion du stress et des \u00e9motions.<\/p>\nLa consultation d\u2019hypnose s\u2019appuie \u00e9galement sur un \u00e9change en d\u00e9but de s\u00e9ance, l\u2019objectif de cet entretien est avant tout de chercher des solutions et les ressources autant que la cause de la probl\u00e9matique, celle-ci pouvant appara\u00eetre\nau cours de la s\u00e9ance et permettre de mettre en place les moyens de r\u00e9soudre la probl\u00e9matique de d\u00e9part (les s\u00e9ances permettent de travailler sur le sympt\u00f4me, mais aussi sur la cause de celui-ci). En effet, l\u2019hypnose ericksonienne est\ntourn\u00e9e vers la r\u00e9solution cr\u00e9ative des probl\u00e8mes et se concentre d\u00e9lib\u00e9r\u00e9ment sur le positif. Pendant la s\u00e9ance, il s\u2019agit d\u2019un travail d\u2019\u00e9quipe pour atteindre l\u2019objectif fix\u00e9. En effet, l\u2019\u00e9tat de conscience modifi\u00e9 dans lequel vous \u00eates vous laisse enti\u00e8rement la possibilit\u00e9 de piloter la s\u00e9ance dans le sens qui vous convient le mieux, le th\u00e9rapeute \u00e9tant l\u00e0 pour vous accompagner et vous guider.\n\n<!-- \/wp:paragraph -->\n\n<!-- wp:paragraph {\"style\":{\"color\":{\"text\":\"#2b1004d4\"},\"elements\":{\"link\":{\"color\":{\"text\":\"#2b1004d4\"}}}}} -->\n\n<!-- wp:paragraph -->\n\n<strong>Une approche holistique<\/strong>\n\n<!-- \/wp:paragraph -->\n\n<!-- wp:paragraph -->\n\nLa naturopathie, l\u2019hypnose et les pratiques psychocorporelles sont des techniques qui se compl\u00e8tent \u00e0 merveille. Elles apportent toutes des solutions efficaces et p\u00e9rennes en faisant appel aux immenses ressources et forces qui se trouvent d\u00e9j\u00e0 en chacun de nous. Respectueuse de chaque identit\u00e9 et de chaque histoire de vie, je propose donc un accompagnement \u00ab sur mesure \u00bb \u00e0 mes clients pour leur permettre d\u2019am\u00e9liorer leur qualit\u00e9 de vie et favoriser leur \u00e9panouissement.\n\n<!-- \/wp:paragraph -->","protected":false},"excerpt":{"rendered":"<p>Naturopathie et hypnose, une approche globale pour faciliter votre bien-\u00eatre et atteindre vos objectifs. L\u2019\u00eatre humain n\u2019\u00e9tant pas qu\u2019une somme de parties, mais un tout coh\u00e9rent en interaction, c\u2019est lorsque les \u00e9motions, le corps et le mental sont en \u00e9quilibre que nous sommes en bonne sant\u00e9. Toutes ces dimensions de notre \u00eatre interagissent sur notre [&hellip;]<\/p>\n","protected":false},"author":1,"featured_media":0,"parent":97,"menu_order":2,"comment_status":"closed","ping_status":"closed","template":"","meta":{"footnotes":""},"class_list":["post-1604","page","type-page","status-publish","hentry"],"_links":{"self":[{"href":"https:\/\/amandinegillet82.fr\/index.php?rest_route=\/wp\/v2\/pages\/1604","targetHints":{"allow":["GET"]}}],"collection":[{"href":"https:\/\/amandinegillet82.fr\/index.php?rest_route=\/wp\/v2\/pages"}],"about":[{"href":"https:\/\/amandinegillet82.fr\/index.php?rest_route=\/wp\/v2\/types\/page"}],"author":[{"embeddable":true,"href":"https:\/\/amandinegillet82.fr\/index.php?rest_route=\/wp\/v2\/users\/1"}],"replies":[{"embeddable":true,"href":"https:\/\/amandinegillet82.fr\/index.php?rest_route=%2Fwp%2Fv2%2Fcomments&post=1604"}],"version-history":[{"count":3,"href":"https:\/\/amandinegillet82.fr\/index.php?rest_route=\/wp\/v2\/pages\/1604\/revisions"}],"predecessor-version":[{"id":1741,"href":"https:\/\/amandinegillet82.fr\/index.php?rest_route=\/wp\/v2\/pages\/1604\/revisions\/1741"}],"up":[{"embeddable":true,"href":"https:\/\/amandinegillet82.fr\/index.php?rest_route=\/wp\/v2\/pages\/97"}],"wp:attachment":[{"href":"https:\/\/amandinegillet82.fr\/index.php?rest_route=%2Fwp%2Fv2%2Fmedia&parent=1604"}],"curies":[{"name":"wp","href":"https:\/\/api.w.org\/{rel}","templated":true}]}}