{"id":2063,"date":"2024-11-27T14:35:19","date_gmt":"2024-11-27T13:35:19","guid":{"rendered":"https:\/\/amandinegillet82.fr\/?page_id=2063"},"modified":"2025-02-22T15:54:30","modified_gmt":"2025-02-22T14:54:30","slug":"offres-promotionnelles","status":"publish","type":"page","link":"https:\/\/amandinegillet82.fr\/?page_id=2063","title":{"rendered":"Offres promotionnelles"},"content":{"rendered":"<div data-colibri-id=\"2063-c1\" class=\"style-737 style-local-2063-c1 position-relative\">\n  <!---->\n  <div data-colibri-component=\"section\" data-colibri-id=\"2063-c2\" id=\"initial-content\" class=\"h-section h-section-global-spacing d-flex align-items-lg-center align-items-md-center align-items-center style-738 style-local-2063-c2 position-relative\">\n    <!---->\n    <!---->\n    <div class=\"h-section-grid-container h-section-boxed-container\">\n      <!---->\n      <div data-colibri-id=\"2063-c3\" class=\"h-row-container gutters-row-lg-2 gutters-row-md-2 gutters-row-0 gutters-row-v-lg-2 gutters-row-v-md-2 gutters-row-v-2 style-739 style-local-2063-c3 position-relative\">\n        <!---->\n        <div class=\"h-row justify-content-lg-center justify-content-md-center justify-content-center align-items-lg-stretch align-items-md-stretch align-items-stretch gutters-col-lg-2 gutters-col-md-2 gutters-col-0 gutters-col-v-lg-2 gutters-col-v-md-2 gutters-col-v-2\">\n          <!---->\n          <div class=\"h-column h-column-container d-flex h-col-lg-auto h-col-md-auto h-col-auto style-740-outer style-local-2063-c4-outer\">\n            <div data-colibri-id=\"2063-c4\" class=\"d-flex h-flex-basis h-column__inner h-px-lg-2 h-px-md-2 h-px-2 v-inner-lg-2 v-inner-md-2 v-inner-2 style-740 style-local-2063-c4 position-relative\">\n              <!---->\n              <!---->\n              <div class=\"w-100 h-y-container h-column__content h-column__v-align flex-basis-100 align-self-lg-start align-self-md-start align-self-start\">\n                <!---->\n                <div data-colibri-id=\"2063-c5\" class=\"h-text h-text-component style-742 style-local-2063-c5 position-relative h-element\">\n                  <!---->\n                  <!---->\n                  <div class=\"\">\n                    <p>Cartes de fid\u00e9lit\u00e9 pour les massages*:<\/p>\n                    <p>Carte 5 massages de 45mn (175\u20ac, soit 35 \u20ac l\u2019un)<\/p>\n                    <p>Valable 6 mois<\/p>\n                    <p>\n                      <br>\n                    <\/p>\n                    <p> Carte 10 massages 45mn (290\u20ac, soit 29 \u20ac l\u2019un)<\/p>\n                    <p>Valable 1 an <\/p>\n                    <p><span style=\"font-family: inherit;\">&nbsp;<\/span> <\/p>\n                    <p>Cartes 5 massages d\u2019 1h10<\/p>\n                    <p> (245\u20ac, soit 49 \u20ac l\u2019un)<\/p>\n                    <p>Valable 6 mois<\/p>\n                    <p>\n                      <br>\n                    <\/p>\n                    <p> Cartes de 10 massages d\u2019 1h10 (450\u20ac, soit 45 \u20ac l\u2019un)<\/p>\n                    <p>Valable 1 an <\/p>\n                    <p>*Massage bien-\u00eatre de la t\u00eate aux pieds,&nbsp;d\u00e9couverte de la r\u00e9flexologie plantaire et du massage chi nei tsang<\/p>\n                    <p>\n                      <br>\n                    <\/p>\n                  <\/div>\n                <\/div>\n              <\/div>\n            <\/div>\n          <\/div>\n        <\/div>\n      <\/div>\n    <\/div>\n  <\/div>\n  <div data-colibri-component=\"section\" data-colibri-id=\"2063-c6\" id=\"custom\" class=\"h-section h-section-global-spacing d-flex align-items-lg-center align-items-md-center align-items-center style-743 style-local-2063-c6 position-relative\">\n    <!---->\n    <!---->\n    <div class=\"h-section-grid-container h-section-boxed-container\">\n      <!---->\n      <div data-colibri-id=\"2063-c7\" class=\"h-row-container gutters-row-lg-2 gutters-row-md-2 gutters-row-0 gutters-row-v-lg-2 gutters-row-v-md-2 gutters-row-v-2 style-744 style-local-2063-c7 position-relative\">\n        <!---->\n        <div class=\"h-row justify-content-lg-center justify-content-md-center justify-content-center align-items-lg-stretch align-items-md-stretch align-items-stretch gutters-col-lg-2 gutters-col-md-2 gutters-col-0 gutters-col-v-lg-2 gutters-col-v-md-2 gutters-col-v-2\">\n          <!---->\n          <div class=\"h-column h-column-container d-flex h-col-lg-auto h-col-md-auto h-col-auto style-745-outer style-local-2063-c8-outer\">\n            <div data-colibri-id=\"2063-c8\" class=\"d-flex h-flex-basis h-column__inner h-px-lg-2 h-px-md-2 h-px-2 v-inner-lg-2 v-inner-md-2 v-inner-2 style-745 style-local-2063-c8 position-relative\">\n              <!---->\n              <!---->\n              <div class=\"w-100 h-y-container h-column__content h-column__v-align flex-basis-100 align-self-lg-start align-self-md-start align-self-start\">\n                <!---->\n                <div data-colibri-id=\"2063-c9\" class=\"d-block style-747 style-local-2063-c9 position-relative h-element\">\n                  <!---->\n                  <div class=\"h-image__frame-container-outer\">\n                    <div class=\"h-image__frame-container\">\n                      <!---->\n                      <!---->\n                      <img loading=\"lazy\" decoding=\"async\" width=\"758\" height=\"648\" src=\"https:\/\/amandinegillet82.fr\/wp-content\/uploads\/2024\/11\/cropped-cropped-image-vcdeau-massage.png\" class=\"wp-image-2073 style-747-image style-local-2063-c9-image\" alt=\"\" srcset=\"https:\/\/amandinegillet82.fr\/wp-content\/uploads\/2024\/11\/cropped-cropped-image-vcdeau-massage.png 758w, https:\/\/amandinegillet82.fr\/wp-content\/uploads\/2024\/11\/cropped-cropped-image-vcdeau-massage-300x256.png 300w\" sizes=\"auto, (max-width: 758px) 100vw, 758px\" \/>\n                      <div class=\"h-image__frame h-hide-lg h-hide-md h-hide-sm style-747-frameImage style-local-2063-c9-frameImage\"><\/div>\n                    <\/div>\n                  <\/div>\n                <\/div>\n              <\/div>\n            <\/div>\n          <\/div>\n          <div class=\"h-column h-column-container d-flex h-col-lg-auto h-col-md-auto h-col-auto style-746-outer style-local-2063-c10-outer\">\n            <div data-colibri-id=\"2063-c10\" class=\"d-flex h-flex-basis h-column__inner h-px-lg-2 h-px-md-2 h-px-2 v-inner-lg-2 v-inner-md-2 v-inner-2 style-746 style-local-2063-c10 position-relative\">\n              <!---->\n              <!---->\n              <div class=\"w-100 h-y-container h-column__content h-column__v-align flex-basis-100 align-self-lg-start align-self-md-start align-self-start\">\n                <!---->\n                <div data-colibri-id=\"2063-c11\" class=\"d-block style-748 style-local-2063-c11 position-relative h-element\">\n                  <!---->\n                  <div class=\"h-image__frame-container-outer\">\n                    <div class=\"h-image__frame-container\">\n                      <!---->\n                      <!---->\n                      <img loading=\"lazy\" decoding=\"async\" width=\"523\" height=\"434\" src=\"https:\/\/amandinegillet82.fr\/wp-content\/uploads\/2024\/11\/cropped-images-bon-kdo-reflexologie.png\" class=\"wp-image-2070 style-748-image style-local-2063-c11-image\" alt=\"\" srcset=\"https:\/\/amandinegillet82.fr\/wp-content\/uploads\/2024\/11\/cropped-images-bon-kdo-reflexologie.png 523w, https:\/\/amandinegillet82.fr\/wp-content\/uploads\/2024\/11\/cropped-images-bon-kdo-reflexologie-300x249.png 300w\" sizes=\"auto, (max-width: 523px) 100vw, 523px\" \/>\n                      <div class=\"h-image__frame h-hide-lg h-hide-md h-hide-sm style-748-frameImage style-local-2063-c11-frameImage\"><\/div>\n                    <\/div>\n                  <\/div>\n                <\/div>\n              <\/div>\n            <\/div>\n          <\/div>\n        <\/div>\n      <\/div>\n    <\/div>\n  <\/div>\n<\/div>","protected":false},"excerpt":{"rendered":"<p>Cartes de fid\u00e9lit\u00e9 pour les massages*: Carte 5 massages de 45mn (175\u20ac, soit 35 \u20ac l\u2019un) Valable 6 mois Carte 10 massages 45mn (290\u20ac, soit 29 \u20ac l\u2019un) Valable 1 an &nbsp; Cartes 5 massages d\u2019 1h10 (245\u20ac, soit 49 \u20ac l\u2019un) Valable 6 mois Cartes de 10 massages d\u2019 1h10 (450\u20ac, soit 45 \u20ac [&hellip;]<\/p>\n","protected":false},"author":1,"featured_media":0,"parent":96,"menu_order":4,"comment_status":"closed","ping_status":"closed","template":"page-templates\/full-width-page.php","meta":{"footnotes":""},"class_list":["post-2063","page","type-page","status-publish","hentry"],"_links":{"self":[{"href":"https:\/\/amandinegillet82.fr\/index.php?rest_route=\/wp\/v2\/pages\/2063","targetHints":{"allow":["GET"]}}],"collection":[{"href":"https:\/\/amandinegillet82.fr\/index.php?rest_route=\/wp\/v2\/pages"}],"about":[{"href":"https:\/\/amandinegillet82.fr\/index.php?rest_route=\/wp\/v2\/types\/page"}],"author":[{"embeddable":true,"href":"https:\/\/amandinegillet82.fr\/index.php?rest_route=\/wp\/v2\/users\/1"}],"replies":[{"embeddable":true,"href":"https:\/\/amandinegillet82.fr\/index.php?rest_route=%2Fwp%2Fv2%2Fcomments&post=2063"}],"version-history":[{"count":6,"href":"https:\/\/amandinegillet82.fr\/index.php?rest_route=\/wp\/v2\/pages\/2063\/revisions"}],"predecessor-version":[{"id":2422,"href":"https:\/\/amandinegillet82.fr\/index.php?rest_route=\/wp\/v2\/pages\/2063\/revisions\/2422"}],"up":[{"embeddable":true,"href":"https:\/\/amandinegillet82.fr\/index.php?rest_route=\/wp\/v2\/pages\/96"}],"wp:attachment":[{"href":"https:\/\/amandinegillet82.fr\/index.php?rest_route=%2Fwp%2Fv2%2Fmedia&parent=2063"}],"curies":[{"name":"wp","href":"https:\/\/api.w.org\/{rel}","templated":true}]}}