{"id":348,"date":"2024-04-24T17:04:40","date_gmt":"2024-04-24T15:04:40","guid":{"rendered":"https:\/\/amandinegillet82.fr\/?page_id=348"},"modified":"2025-01-04T08:35:03","modified_gmt":"2025-01-04T07:35:03","slug":"contact","status":"publish","type":"page","link":"https:\/\/amandinegillet82.fr\/?page_id=348","title":{"rendered":"Contact"},"content":{"rendered":"<div data-colibri-id=\"348-c1\" class=\"style-558 style-local-348-c1 position-relative\">\n  <!---->\n  <div data-colibri-component=\"section\" data-colibri-id=\"348-c2\" id=\"initial-content\" class=\"h-section h-section-global-spacing d-flex align-items-lg-center align-items-md-center align-items-center style-559 style-local-348-c2 position-relative\">\n    <!---->\n    <!---->\n    <div class=\"h-section-grid-container h-section-boxed-container\">\n      <!---->\n      <div data-colibri-id=\"348-c3\" class=\"h-row-container gutters-row-lg-2 gutters-row-md-2 gutters-row-0 gutters-row-v-lg-2 gutters-row-v-md-2 gutters-row-v-2 style-560 style-local-348-c3 position-relative\">\n        <!---->\n        <div class=\"h-row justify-content-lg-center justify-content-md-center justify-content-center align-items-lg-stretch align-items-md-stretch align-items-stretch gutters-col-lg-2 gutters-col-md-2 gutters-col-0 gutters-col-v-lg-2 gutters-col-v-md-2 gutters-col-v-2\">\n          <!---->\n          <div class=\"h-column h-column-container d-flex h-col-lg-auto h-col-md-auto h-col-auto style-561-outer style-local-348-c4-outer\">\n            <div data-colibri-id=\"348-c4\" class=\"d-flex h-flex-basis h-column__inner h-px-lg-2 h-px-md-2 h-px-2 v-inner-lg-2 v-inner-md-2 v-inner-2 style-561 style-local-348-c4 position-relative\">\n              <!---->\n              <!---->\n              <div class=\"w-100 h-y-container h-column__content h-column__v-align flex-basis-100 align-self-lg-start align-self-md-start align-self-start\">\n                <!---->\n                <div data-colibri-id=\"348-c5\" class=\"style-562 style-local-348-c5 position-relative h-element\">\n                  <!---->\n                  <div>\n                    \n                    <div class=\"wp-block-contact-form-7-contact-form-selector\">\n<div class=\"wpcf7 no-js\" id=\"wpcf7-f41-o1\" lang=\"fr-FR\" dir=\"ltr\">\n<div class=\"screen-reader-response\"><p role=\"status\" aria-live=\"polite\" aria-atomic=\"true\"><\/p> <ul><\/ul><\/div>\n<form action=\"\/index.php?rest_route=%2Fwp%2Fv2%2Fpages%2F348#wpcf7-f41-o1\" method=\"post\" class=\"wpcf7-form init\" aria-label=\"Formulaire de contact\" novalidate=\"novalidate\" data-status=\"init\">\n<div style=\"display: none;\">\n<input type=\"hidden\" name=\"_wpcf7\" value=\"41\" \/>\n<input type=\"hidden\" name=\"_wpcf7_version\" value=\"5.9.8\" \/>\n<input type=\"hidden\" name=\"_wpcf7_locale\" value=\"fr_FR\" \/>\n<input type=\"hidden\" name=\"_wpcf7_unit_tag\" value=\"wpcf7-f41-o1\" \/>\n<input type=\"hidden\" name=\"_wpcf7_container_post\" value=\"0\" \/>\n<input type=\"hidden\" name=\"_wpcf7_posted_data_hash\" value=\"\" \/>\n<\/div>\n<p><label> Votre nom<br \/>\n<span class=\"wpcf7-form-control-wrap\" data-name=\"your-name\"><input size=\"40\" maxlength=\"400\" class=\"wpcf7-form-control wpcf7-text wpcf7-validates-as-required\" autocomplete=\"name\" aria-required=\"true\" aria-invalid=\"false\" value=\"\" type=\"text\" name=\"your-name\" \/><\/span> <\/label>\n<\/p>\n<p><label> Votre e-mail<br \/>\n<span class=\"wpcf7-form-control-wrap\" data-name=\"your-email\"><input size=\"40\" maxlength=\"400\" class=\"wpcf7-form-control wpcf7-email wpcf7-validates-as-required wpcf7-text wpcf7-validates-as-email\" autocomplete=\"email\" aria-required=\"true\" aria-invalid=\"false\" value=\"\" type=\"email\" name=\"your-email\" \/><\/span> <\/label>\n<\/p>\n<p><label> Objet<br \/>\n<span class=\"wpcf7-form-control-wrap\" data-name=\"your-subject\"><input size=\"40\" maxlength=\"400\" class=\"wpcf7-form-control wpcf7-text wpcf7-validates-as-required\" aria-required=\"true\" aria-invalid=\"false\" value=\"\" type=\"text\" name=\"your-subject\" \/><\/span> <\/label>\n<\/p>\n<p><label> Votre message (facultatif)<br \/>\n<span class=\"wpcf7-form-control-wrap\" data-name=\"your-message\"><textarea cols=\"40\" rows=\"10\" maxlength=\"2000\" class=\"wpcf7-form-control wpcf7-textarea\" aria-invalid=\"false\" name=\"your-message\"><\/textarea><\/span> <\/label><br \/>\n<span class=\"wpcf7-form-control-wrap\" data-name=\"quiz-581\"><label><span class=\"wpcf7-quiz-label\">combien font 1+1<\/span> <input size=\"40\" class=\"wpcf7-form-control wpcf7-quiz\" autocomplete=\"off\" aria-required=\"true\" aria-invalid=\"false\" type=\"text\" name=\"quiz-581\" \/><\/label><input type=\"hidden\" name=\"_wpcf7_quiz_answer_quiz-581\" value=\"e1333b3e873aa845ef0a328249d78e0b\" \/><\/span>\n<\/p>\n<p><input class=\"wpcf7-form-control wpcf7-submit has-spinner\" type=\"submit\" value=\"Envoyer\" \/>\n<\/p><div class=\"wpcf7-response-output\" aria-hidden=\"true\"><\/div>\n<\/form>\n<\/div>\n<\/div>\n                    \n                  <\/div>\n                <\/div>\n              <\/div>\n            <\/div>\n          <\/div>\n          <div class=\"h-column h-column-container d-flex h-col-lg-auto h-col-md-auto h-col-auto style-597-outer style-local-348-c6-outer\">\n            <div data-colibri-id=\"348-c6\" class=\"d-flex h-flex-basis h-column__inner h-px-lg-2 h-px-md-2 h-px-2 v-inner-lg-2 v-inner-md-2 v-inner-2 style-597 style-local-348-c6 position-relative\">\n              <!---->\n              <!---->\n              <div class=\"w-100 h-y-container h-column__content h-column__v-align flex-basis-100 align-self-lg-start align-self-md-start align-self-start\">\n                <!---->\n                <div data-colibri-id=\"348-c7\" class=\"h-text h-text-component style-598 style-local-348-c7 position-relative h-element\">\n                  <!---->\n                  <!---->\n                  <div class=\"\">\n                    <p>Vous pouvez utiliser ce formulaire de contact pour la prise de rdv, dans votre message je vous remercie de m&rsquo;indiquer votre num\u00e9ro de t\u00e9l\u00e9phone ainsi que de me d\u00e9crire votre demande en quelques mots. <\/p>\n                    <p>Vous pouvez \u00e9galement me joindre directement \u00e0 ce num\u00e9ro : 06 38 96 56 76<\/p>\n                  <\/div>\n                <\/div>\n              <\/div>\n            <\/div>\n          <\/div>\n        <\/div>\n      <\/div>\n    <\/div>\n  <\/div>\n  <div data-colibri-component=\"section\" data-colibri-id=\"348-c8\" id=\"custom-2\" class=\"h-section h-section-global-spacing d-flex align-items-lg-center align-items-md-center align-items-center style-814 style-local-348-c8 position-relative\">\n    <!---->\n    <!---->\n    <div class=\"h-section-grid-container h-section-boxed-container\">\n      <!---->\n      <div data-colibri-id=\"348-c9\" class=\"h-row-container gutters-row-lg-2 gutters-row-md-2 gutters-row-0 gutters-row-v-lg-2 gutters-row-v-md-2 gutters-row-v-2 style-820 style-local-348-c9 position-relative\">\n        <!---->\n        <div class=\"h-row justify-content-lg-center justify-content-md-center justify-content-center align-items-lg-stretch align-items-md-stretch align-items-stretch gutters-col-lg-2 gutters-col-md-2 gutters-col-0 gutters-col-v-lg-2 gutters-col-v-md-2 gutters-col-v-2\">\n          <!---->\n          <div class=\"h-column h-column-container d-flex h-col-lg-auto h-col-md-auto h-col-auto style-821-outer style-local-348-c10-outer\">\n            <div data-colibri-id=\"348-c10\" class=\"d-flex h-flex-basis h-column__inner h-px-lg-2 h-px-md-2 h-px-2 v-inner-lg-2 v-inner-md-2 v-inner-2 style-821 style-local-348-c10 position-relative\">\n              <!---->\n              <!---->\n              <div class=\"w-100 h-y-container h-column__content h-column__v-align flex-basis-100 align-self-lg-start align-self-md-start align-self-start\">\n                <!---->\n                <div data-colibri-id=\"348-c11\" class=\"h-x-container style-822 style-local-348-c11 position-relative h-element\">\n                  <!---->\n                  <div class=\"h-x-container-inner style-dynamic-348-c11-group style-822-spacing style-local-348-c11-spacing\"><span class=\"h-link__outer style-824-outer style-local-348-c12-outer d-inline-flex h-element\"><a h-use-smooth-scroll=\"true\" href=\"https:\/\/www.facebook.com\/amandine.gillet.777\"  data-colibri-id=\"348-c12\" class=\"d-flex w-100 align-items-center h-link style-824 style-local-348-c12 position-relative\"><!----><!----> <span>Facebook<\/span><\/a>\n                    <\/span>\n                  <\/div>\n                <\/div>\n              <\/div>\n            <\/div>\n          <\/div>\n          <div class=\"h-column h-column-container d-flex h-col-lg-auto h-col-md-auto h-col-auto style-912-outer style-local-348-c13-outer\">\n            <div data-colibri-id=\"348-c13\" class=\"d-flex h-flex-basis h-column__inner h-px-lg-2 h-px-md-2 h-px-2 v-inner-lg-2 v-inner-md-2 v-inner-2 style-912 style-local-348-c13 position-relative\">\n              <!---->\n              <!---->\n              <div class=\"w-100 h-y-container h-column__content h-column__v-align flex-basis-100 align-self-lg-start align-self-md-start align-self-start\">\n                <!---->\n                <div data-colibri-id=\"348-c14\" class=\"h-x-container style-913 style-local-348-c14 position-relative h-element\">\n                  <!---->\n                  <div class=\"h-x-container-inner style-dynamic-348-c14-group style-913-spacing style-local-348-c14-spacing\"><span class=\"h-link__outer style-914-outer style-local-348-c15-outer d-inline-flex h-element\"><a h-use-smooth-scroll=\"true\" href=\"https:\/\/www.google.com\/search?q=Sant%C3%A9+Bien-%C3%AAtre+82+Amandine+Gillet&amp;stick=H4sIAAAAAAAA_-NgU1IxqDCzME00M0gyMjU0tzRJtLQCihiZJZknGicZGyWnmaYZpi5iVQlOzCs5vFLBKTM1T_fwqpKiVAULIwXH3MS8lMy8VAX3zJyc1BIA6dVsQ08AAAA&amp;hl=fr&amp;mat=CdHERWSCZ0hrElcBqiIDwsYJGHAmdL7LYNcvS0qs_dhXvoBIRalk_h-uYK-O7JM3RZ4oCm9Zv3Ts6ghCWFG78tTvBFA_M8qmc8ufEgsLPsSWbACIu0FUdq8gCbb2l_RtRGM&amp;authuser=0\"  data-colibri-id=\"348-c15\" class=\"d-flex w-100 align-items-center h-link style-914 style-local-348-c15 position-relative\"><!----><!----> <span>Google<\/span><\/a>\n                    <\/span>\n                  <\/div>\n                <\/div>\n              <\/div>\n            <\/div>\n          <\/div>\n        <\/div>\n      <\/div>\n      <div data-colibri-id=\"348-c16\" class=\"h-row-container gutters-row-lg-2 gutters-row-md-2 gutters-row-0 gutters-row-v-lg-2 gutters-row-v-md-2 gutters-row-v-2 style-815 style-local-348-c16 position-relative\">\n        <!---->\n        <div class=\"h-row justify-content-lg-center justify-content-md-center justify-content-center align-items-lg-stretch align-items-md-stretch align-items-stretch gutters-col-lg-2 gutters-col-md-2 gutters-col-0 gutters-col-v-lg-2 gutters-col-v-md-2 gutters-col-v-2\">\n          <!---->\n          <div class=\"h-column h-column-container d-flex h-col-lg-auto h-col-md-auto h-col-auto style-816-outer style-local-348-c17-outer\">\n            <div data-colibri-id=\"348-c17\" class=\"d-flex h-flex-basis h-column__inner h-px-lg-2 h-px-md-2 h-px-2 v-inner-lg-2 v-inner-md-2 v-inner-2 style-816 style-local-348-c17 position-relative\">\n              <!---->\n              <!---->\n              <div class=\"w-100 h-y-container h-column__content h-column__v-align flex-basis-100 align-self-lg-start align-self-md-start align-self-start\">\n                <!---->\n                <div data-colibri-id=\"348-c18\" class=\"d-block style-918 style-local-348-c18 position-relative h-element\">\n                  <!---->\n                  <div class=\"h-image__frame-container-outer\">\n                    <div class=\"h-image__frame-container\">\n                      <!---->\n                      <!---->\n                      <img loading=\"lazy\" decoding=\"async\" width=\"1010\" height=\"696\" src=\"https:\/\/amandinegillet82.fr\/wp-content\/uploads\/2025\/01\/cropped-plan-bressols-cabinet.png\" class=\"wp-image-2330 style-918-image style-local-348-c18-image\" alt=\"\" srcset=\"https:\/\/amandinegillet82.fr\/wp-content\/uploads\/2025\/01\/cropped-plan-bressols-cabinet.png 1010w, https:\/\/amandinegillet82.fr\/wp-content\/uploads\/2025\/01\/cropped-plan-bressols-cabinet-300x207.png 300w, https:\/\/amandinegillet82.fr\/wp-content\/uploads\/2025\/01\/cropped-plan-bressols-cabinet-768x529.png 768w\" sizes=\"auto, (max-width: 1010px) 100vw, 1010px\" \/>\n                      <div class=\"h-image__frame h-hide-lg h-hide-md h-hide-sm style-918-frameImage style-local-348-c18-frameImage\"><\/div>\n                    <\/div>\n                  <\/div>\n                <\/div>\n              <\/div>\n            <\/div>\n          <\/div>\n          <div class=\"h-column h-column-container d-flex h-col-lg-auto h-col-md-auto h-col-auto style-817-outer style-local-348-c19-outer\">\n            <div data-colibri-id=\"348-c19\" class=\"d-flex h-flex-basis h-column__inner h-px-lg-2 h-px-md-2 h-px-2 v-inner-lg-2 v-inner-md-2 v-inner-2 style-817 style-local-348-c19 position-relative\">\n              <!---->\n              <!---->\n              <div class=\"w-100 h-y-container h-column__content h-column__v-align flex-basis-100 align-self-lg-start align-self-md-start align-self-start\">\n                <!---->\n                <div data-colibri-id=\"348-c20\" class=\"h-text h-text-component style-917 style-local-348-c20 position-relative h-element\">\n                  <!---->\n                  <!---->\n                  <div class=\"\">\n                    <p>\n                      <br>\n                    <\/p>\n                    <p>Le cabinet est situ\u00e9 au <\/p>\n                    <p>N\u00b0 9, impasse des Colibris \u00e0 Bressols<\/p>\n                    <p>\n                      <br>\n                    <\/p>\n                  <\/div>\n                <\/div>\n              <\/div>\n            <\/div>\n          <\/div>\n        <\/div>\n      <\/div>\n    <\/div>\n  <\/div>\n  <div data-colibri-component=\"section\" data-colibri-id=\"348-c21\" id=\"custom\" class=\"h-section h-section-global-spacing d-flex align-items-lg-center align-items-md-center align-items-center style-563 style-local-348-c21 position-relative\">\n    <!---->\n    <!---->\n    <div class=\"h-section-grid-container h-section-boxed-container\">\n      <!---->\n      <div data-colibri-id=\"348-c22\" class=\"h-row-container gutters-row-lg-2 gutters-row-md-2 gutters-row-0 gutters-row-v-lg-2 gutters-row-v-md-2 gutters-row-v-2 style-564 style-local-348-c22 position-relative\">\n        <!---->\n        <div class=\"h-row justify-content-lg-center justify-content-md-center justify-content-center align-items-lg-stretch align-items-md-stretch align-items-stretch gutters-col-lg-2 gutters-col-md-2 gutters-col-0 gutters-col-v-lg-2 gutters-col-v-md-2 gutters-col-v-2\">\n          <!---->\n          <div class=\"h-column h-column-container d-flex h-col-lg-auto h-col-md-auto h-col-auto style-565-outer style-local-348-c23-outer\">\n            <div data-colibri-id=\"348-c23\" class=\"d-flex h-flex-basis h-column__inner h-px-lg-2 h-px-md-2 h-px-2 v-inner-lg-2 v-inner-md-2 v-inner-2 style-565 style-local-348-c23 position-relative\">\n              <!---->\n              <!---->\n              <div class=\"w-100 h-y-container h-column__content h-column__v-align flex-basis-100 align-self-lg-end align-self-md-end align-self-end\">\n                <!---->\n                <div data-colibri-id=\"348-c24\" class=\"d-block style-925 style-local-348-c24 position-relative h-element\">\n                  <!---->\n                  <div class=\"h-image__frame-container-outer\">\n                    <div class=\"h-image__frame-container\">\n                      <!---->\n                      <!---->\n                      <img loading=\"lazy\" decoding=\"async\" width=\"625\" height=\"407\" src=\"https:\/\/amandinegillet82.fr\/wp-content\/uploads\/2025\/01\/cropped-cropped-avis-1.png\" class=\"wp-image-2338 style-925-image style-local-348-c24-image\" alt=\"\" srcset=\"https:\/\/amandinegillet82.fr\/wp-content\/uploads\/2025\/01\/cropped-cropped-avis-1.png 625w, https:\/\/amandinegillet82.fr\/wp-content\/uploads\/2025\/01\/cropped-cropped-avis-1-300x195.png 300w\" sizes=\"auto, (max-width: 625px) 100vw, 625px\" \/>\n                      <div class=\"h-image__frame h-hide-lg h-hide-md h-hide-sm style-925-frameImage style-local-348-c24-frameImage\"><\/div>\n                    <\/div>\n                  <\/div>\n                <\/div>\n              <\/div>\n            <\/div>\n          <\/div>\n          <div class=\"h-column h-column-container d-flex h-col-lg-auto h-col-md-auto h-col-auto style-919-outer style-local-348-c25-outer\">\n            <div data-colibri-id=\"348-c25\" class=\"d-flex h-flex-basis h-column__inner h-px-lg-2 h-px-md-2 h-px-2 v-inner-lg-2 v-inner-md-2 v-inner-2 style-919 style-local-348-c25 position-relative\">\n              <!---->\n              <!---->\n              <div class=\"w-100 h-y-container h-column__content h-column__v-align flex-basis-100 align-self-lg-start align-self-md-start align-self-start\">\n                <!---->\n                <div data-colibri-id=\"348-c26\" class=\"d-block style-922 style-local-348-c26 position-relative h-element\">\n                  <!---->\n                  <div class=\"h-image__frame-container-outer\">\n                    <div class=\"h-image__frame-container\">\n                      <!---->\n                      <!---->\n                      <img loading=\"lazy\" decoding=\"async\" width=\"1867\" height=\"1131\" src=\"https:\/\/amandinegillet82.fr\/wp-content\/uploads\/2024\/12\/cropped-cropped-cropped-photo-cabinet-31.jpg\" class=\"wp-image-2333 style-922-image style-local-348-c26-image\" alt=\"\" srcset=\"https:\/\/amandinegillet82.fr\/wp-content\/uploads\/2024\/12\/cropped-cropped-cropped-photo-cabinet-31.jpg 1867w, https:\/\/amandinegillet82.fr\/wp-content\/uploads\/2024\/12\/cropped-cropped-cropped-photo-cabinet-31-300x182.jpg 300w, https:\/\/amandinegillet82.fr\/wp-content\/uploads\/2024\/12\/cropped-cropped-cropped-photo-cabinet-31-1024x620.jpg 1024w, https:\/\/amandinegillet82.fr\/wp-content\/uploads\/2024\/12\/cropped-cropped-cropped-photo-cabinet-31-768x465.jpg 768w, https:\/\/amandinegillet82.fr\/wp-content\/uploads\/2024\/12\/cropped-cropped-cropped-photo-cabinet-31-1536x930.jpg 1536w\" sizes=\"auto, (max-width: 1867px) 100vw, 1867px\" \/>\n                      <div class=\"h-image__frame h-hide-lg h-hide-md h-hide-sm style-922-frameImage style-local-348-c26-frameImage\"><\/div>\n                    <\/div>\n                  <\/div>\n                <\/div>\n              <\/div>\n            <\/div>\n          <\/div>\n          <div class=\"h-column h-column-container d-flex h-col-lg-auto h-col-md-auto h-col-auto style-920-outer style-local-348-c27-outer\">\n            <div data-colibri-id=\"348-c27\" class=\"d-flex h-flex-basis h-column__inner h-px-lg-2 h-px-md-2 h-px-2 v-inner-lg-2 v-inner-md-2 v-inner-2 style-920 style-local-348-c27 position-relative\">\n              <!---->\n              <!---->\n              <div class=\"w-100 h-y-container h-column__content h-column__v-align flex-basis-100 align-self-lg-start align-self-md-start align-self-start\">\n                <!---->\n                <div data-colibri-id=\"348-c28\" class=\"d-block style-926 style-local-348-c28 position-relative h-element\">\n                  <!---->\n                  <div class=\"h-image__frame-container-outer\">\n                    <div class=\"h-image__frame-container\">\n                      <!---->\n                      <!---->\n                      <img loading=\"lazy\" decoding=\"async\" width=\"625\" height=\"316\" src=\"https:\/\/amandinegillet82.fr\/wp-content\/uploads\/2025\/01\/cropped-avis-1-1.png\" class=\"wp-image-2339 style-926-image style-local-348-c28-image\" alt=\"\" srcset=\"https:\/\/amandinegillet82.fr\/wp-content\/uploads\/2025\/01\/cropped-avis-1-1.png 625w, https:\/\/amandinegillet82.fr\/wp-content\/uploads\/2025\/01\/cropped-avis-1-1-300x152.png 300w\" sizes=\"auto, (max-width: 625px) 100vw, 625px\" \/>\n                      <div class=\"h-image__frame h-hide-lg h-hide-md h-hide-sm style-926-frameImage style-local-348-c28-frameImage\"><\/div>\n                    <\/div>\n                  <\/div>\n                <\/div>\n              <\/div>\n            <\/div>\n          <\/div>\n        <\/div>\n      <\/div>\n    <\/div>\n  <\/div>\n<\/div>","protected":false},"excerpt":{"rendered":"<p>Vous pouvez utiliser ce formulaire de contact pour la prise de rdv, dans votre message je vous remercie de m&rsquo;indiquer votre num\u00e9ro de t\u00e9l\u00e9phone ainsi que de me d\u00e9crire votre demande en quelques mots. Vous pouvez \u00e9galement me joindre directement \u00e0 ce num\u00e9ro : 06 38 96 56 76 Facebook Google Le cabinet est situ\u00e9 [&hellip;]<\/p>\n","protected":false},"author":1,"featured_media":0,"parent":0,"menu_order":0,"comment_status":"closed","ping_status":"closed","template":"page-templates\/full-width-page.php","meta":{"footnotes":""},"class_list":["post-348","page","type-page","status-publish","hentry"],"_links":{"self":[{"href":"https:\/\/amandinegillet82.fr\/index.php?rest_route=\/wp\/v2\/pages\/348","targetHints":{"allow":["GET"]}}],"collection":[{"href":"https:\/\/amandinegillet82.fr\/index.php?rest_route=\/wp\/v2\/pages"}],"about":[{"href":"https:\/\/amandinegillet82.fr\/index.php?rest_route=\/wp\/v2\/types\/page"}],"author":[{"embeddable":true,"href":"https:\/\/amandinegillet82.fr\/index.php?rest_route=\/wp\/v2\/users\/1"}],"replies":[{"embeddable":true,"href":"https:\/\/amandinegillet82.fr\/index.php?rest_route=%2Fwp%2Fv2%2Fcomments&post=348"}],"version-history":[{"count":16,"href":"https:\/\/amandinegillet82.fr\/index.php?rest_route=\/wp\/v2\/pages\/348\/revisions"}],"predecessor-version":[{"id":2369,"href":"https:\/\/amandinegillet82.fr\/index.php?rest_route=\/wp\/v2\/pages\/348\/revisions\/2369"}],"wp:attachment":[{"href":"https:\/\/amandinegillet82.fr\/index.php?rest_route=%2Fwp%2Fv2%2Fmedia&parent=348"}],"curies":[{"name":"wp","href":"https:\/\/api.w.org\/{rel}","templated":true}]}}