{"id":443,"date":"2024-04-24T17:39:20","date_gmt":"2024-04-24T15:39:20","guid":{"rendered":"https:\/\/amandinegillet82.fr\/?page_id=443"},"modified":"2024-11-21T14:35:44","modified_gmt":"2024-11-21T13:35:44","slug":"hypnose","status":"publish","type":"page","link":"https:\/\/amandinegillet82.fr\/?page_id=443","title":{"rendered":"Hypnose"},"content":{"rendered":"<div data-colibri-id=\"443-c1\" class=\"style-436 style-local-443-c1 position-relative\">\n  <!---->\n  <div data-colibri-component=\"section\" data-colibri-id=\"443-c2\" id=\"custom\" class=\"h-section h-section-global-spacing d-flex align-items-lg-center align-items-md-center align-items-center style-437 style-local-443-c2 position-relative\">\n    <!---->\n    <!---->\n    <div class=\"h-section-grid-container h-section-boxed-container\">\n      <!---->\n      <div data-colibri-id=\"443-c3\" class=\"h-row-container gutters-row-lg-2 gutters-row-md-2 gutters-row-0 gutters-row-v-lg-2 gutters-row-v-md-2 gutters-row-v-2 style-438 style-local-443-c3 position-relative\">\n        <!---->\n        <div class=\"h-row justify-content-lg-center justify-content-md-center justify-content-center align-items-lg-stretch align-items-md-stretch align-items-stretch gutters-col-lg-2 gutters-col-md-2 gutters-col-0 gutters-col-v-lg-2 gutters-col-v-md-2 gutters-col-v-2\">\n          <!---->\n          <div class=\"h-column h-column-container d-flex h-col-lg-auto h-col-md-auto h-col-auto style-439-outer style-local-443-c4-outer\">\n            <div data-colibri-id=\"443-c4\" class=\"d-flex h-flex-basis h-column__inner h-px-lg-2 h-px-md-2 h-px-2 v-inner-lg-2 v-inner-md-2 v-inner-2 style-439 style-local-443-c4 position-relative\">\n              <!---->\n              <!---->\n              <div class=\"w-100 h-y-container h-column__content h-column__v-align flex-basis-100 align-self-lg-start align-self-md-start align-self-start\">\n                <!---->\n                <div data-colibri-id=\"443-c5\" class=\"h-text h-text-component style-443 style-local-443-c5 position-relative h-element\">\n                  <!---->\n                  <!---->\n                  <div class=\"\">\n                    <p>L&rsquo;hypnose ericksonienne<\/p>\n                    <p>L&rsquo;hypnose ericksonienne est une forme d&rsquo;hypnose th\u00e9rapeutique d\u00e9velopp\u00e9e par le psychiatre am\u00e9ricain Milton H. Erickson. Cette approche se distingue par son approche souple et indirecte, bas\u00e9e sur la communication subtile avec l&rsquo;inconscient\n                      du patient. L&rsquo;hypnose ericksonienne vise \u00e0 activer les ressources internes de la personne pour favoriser des changements positifs.<\/p>\n                    <p><span style=\"font-size: 12pt; font-family: Garamond; color: rgb(0, 0, 0);\">aptitudes internes. <\/span>La th\u00e9rapie br\u00e8ve, quant \u00e0 elle, se caract\u00e9rise par une approche focalis\u00e9e sur des objectifs sp\u00e9cifiques \u00e0 court terme. Elle cherche\n                      \u00e0 r\u00e9soudre rapidement les probl\u00e8mes du patient en se concentrant sur les solutions plut\u00f4t que sur les causes des difficult\u00e9s.\n                      <br>\n                      <br>L&rsquo;hypnose ericksonienne th\u00e9rapie en tant que&nbsp;br\u00e8ve combine ces deux approches pour offrir un accompagnement th\u00e9rapeutique efficace et rapide. Elle peut \u00eatre utilis\u00e9e pour traiter divers troubles tels que les phobies, les addictions,\n                      les troubles anxieux, les troubles du sommeil, etc.\n                      <br>\n                      <br>Le d\u00e9roulement d&rsquo;une s\u00e9ance d&rsquo;hypnose ericksonienne peut varier en fonction du praticien et de vos besoins. En g\u00e9n\u00e9ral, le th\u00e9rapeute induit un \u00e9tat de transe hypnotique chez le consultant, lui permettant d&rsquo;acc\u00e9der \u00e0 son inconscient\n                      et de travailler sur les objectifs th\u00e9rapeutiques d\u00e9finis. Les suggestions et les m\u00e9taphores utilis\u00e9es pendant la s\u00e9ance visent \u00e0 aider \u00e0 trouver des solutions et \u00e0 mobiliser ses propres ressources pour atteindre ses objectifs.<\/p>\n                    <p>En hypnose ericksonienne, contrairement \u00e0 l\u2019hypnose traditionnelle, la suggestion n\u2019est pas un ordre mais plut\u00f4t \u00ab une possibilit\u00e9 de faire une exp\u00e9rience nouvelle dans une attitude de disponibilit\u00e9 \u00bb (Godin).<\/p>\n                    <p>La suggestion est une communication qui a pour but de faire appara\u00eetre chez le sujet des r\u00e9ponses non volontaires ou non conscientes. Il ne s\u2019agit pas d\u2019inculquer au consultant&nbsp;les solutions du th\u00e9rapeute mais bien de lui permettre\n                      de faire \u00e9merger les siennes.<\/p>\n                    <p>Elle fait partie des th\u00e9rapies dites \u00ab&nbsp;br\u00e8ves&nbsp;\u00bb qui vise \u00e0 modifier l\u00e9g\u00e8rement l\u2019\u00e9tat de la conscience du client afin d\u2019acc\u00e9der \u00e0 son inconscient.&nbsp;<strong>L\u2019\u00e9tat hypnotique a pour but de permettre au client de puiser en lui les ressources n\u00e9cessaires \u00e0 la r\u00e9solution de son probl\u00e8me.<\/strong><\/p>\n                    <p>Elle est particuli\u00e8rement&nbsp;<strong>respectueuse de la personne<\/strong>&nbsp;car le langage utilis\u00e9 par le praticien est permissif. Le praticien est \u00e0 l\u2019\u00e9coute, il adapte son style d\u2019\u00e9locution et d\u2019approche \u00e0 la personne qu\u2019il\n                      re\u00e7oit. Il s\u2019appuie sur des m\u00e9taphores, des anecdotes et des suggestions indirectes afin de faire lever des r\u00e9sistances au changement et laisser la personne acc\u00e9der \u00e0 ses propres ressources pour favoriser les changements souhait\u00e9s.<\/p>\n                    <p><span style=\"font-weight: 400; font-size: 16px; font-family: Open Sans; color: rgb(70, 112, 127);\">Avec&nbsp;<\/span>\n                      <a href=\"https:\/\/ffhtb.fr\/actualite-hypnose-therapie-breve\/hypnose-ericksonienne\" style=\"font-weight: 400; font-size: 16px; font-family: Open Sans; color: rgb(0, 102, 204);\"\n                        class=\"customize-unpreviewable\"><strong>l\u2019hypnose Ericksonienne<\/strong><\/a><span style=\"font-weight: 400; font-size: 16px; font-family: Open Sans; color: rgb(70, 112, 127);\">, le praticien devient un&nbsp;<\/span><strong style=\"font-size: 16px; font-family: Open Sans; color: rgb(70, 112, 127);\">accompagnateur dans le processus du changement<\/strong>\n                      <span\n                        style=\"font-size: 16px; font-family: Open Sans; color: rgb(70, 112, 127); font-weight: 400;\">&nbsp;<\/span>\n                    <\/p>\n                    <p><strong><u>Les indications <\/u><\/strong><\/p>\n                    <p>En pratique,&nbsp;<strong>tous les domaines de la vie peuvent tirer b\u00e9n\u00e9fice de l\u2019hypnose<\/strong>,<\/p>\n                    <p>elle est une \u00ab&nbsp;cl\u00e9 d\u2019acc\u00e8s&nbsp;\u00bb \u00e0 nos capacit\u00e9s et ressources naturelles.<\/p>\n                    <p>\n                      <br>\n                    <\/p>\n                    <p><strong>L\u2019hypnose Ericksonienne<\/strong>&nbsp;est essentiellement pr\u00e9conis\u00e9e pour :<\/p>\n                    <p>\n                      <br>\n                    <\/p>\n                    <p><strong>\u2013 la gestion des \u00e9motions et des troubles d\u2019origine traumatique<\/strong><\/p>\n                    <p><strong>\u2013 l\u2019anxi\u00e9t\u00e9<\/strong><\/p>\n                    <p><strong>\u2013 le stress<\/strong><\/p>\n                    <p><strong>\u2013 les troubles du sommeil<\/strong><\/p>\n                    <p><strong>\u2013 les phobies<\/strong><\/p>\n                    <p><strong>\u2013 les changements de vie<\/strong>&nbsp;<em>(deuil, retraite, divorce, m\u00e9nopause\u2026)<\/em><\/p>\n                    <p><strong>\u2013 les blocages psychologiques<\/strong><\/p>\n                    <p><strong>\u2013 la pr\u00e9paration mentale<\/strong>&nbsp;<em>(concours, examens, comp\u00e9titions sportives\u2026)<\/em><\/p>\n                    <p><strong>\u2013 la concentration&nbsp;<\/strong><\/p>\n                    <p><strong>&nbsp;\u2013 l\u2019estime de soi<\/strong><\/p>\n                    <p>\n                      <br>\n                    <\/p>\n                    <p><strong>\u2013 la gestion de poids<\/strong><\/p>\n                    <p><strong>\u2013 les troubles du comportement alimentaire<\/strong><\/p>\n                    <p><strong>\u2013&nbsp;l\u2019arr\u00eat du tabac<\/strong><\/p>\n                    <p><strong>\u2013 les addictions<\/strong><\/p>\n                    <p><strong>\u2013 les douleurs<\/strong><\/p>\n                    <p><strong>\u2013 les troubles sexuels<\/strong><\/p>\n                    <p><strong>\u2013 l\u2019accompagnement de la grossesse<\/strong><\/p>\n                    <p>\n                      <br>\n                    <\/p>\n                    <p>Question fr\u00e9quente : peut-on m&rsquo;obliger \u00e0 faire quelque chose que je ne veux pas ?&nbsp;Non, le th\u00e9rapeute ne prend pas le contr\u00f4le du consultant, il est seulement un guide vers vos parties inconscientes et vous aide \u00e0 faire \u00e9merger\n                      les solutions qui sont en vous&nbsp;; vous gardez tout au long de la s\u00e9ance le contr\u00f4le de ce qui se passe et vous ne ferez jamais ce qui est \u00e0 l\u2019encontre de votre sant\u00e9, de votre s\u00e9curit\u00e9,&nbsp;de votre morale et de vos valeurs.\n                      (Voir paragraphe sur le cerveau tripartite&nbsp;: la partie de notre cerveau qui g\u00e8re nos fonctions vitales nous prot\u00e8ge et assure notre s\u00e9curit\u00e9&nbsp;;&nbsp;nous ne pouvons pas aller \u00e0 l\u2019encontre de son fonctionnement).<\/p>\n                    <p><span style=\"font-weight: 400; font-size: 16px; font-family: Open Sans; color: rgb(70, 112, 127);\">L&rsquo;\u00e9tat d&rsquo;hypnose est un \u00e9tat modifi\u00e9 de conscience dans lequel une personne est plus r\u00e9ceptive aux suggestions. C&rsquo;est un \u00e9tat naturel que nous exp\u00e9rimentons tous les jours, par exemple lorsque nous sommes absorb\u00e9s par un livre ou un film. En hypnose th\u00e9rapeutique, un hypnoth\u00e9rapeute guide la personne vers cet \u00e9tat pour l&rsquo;aider \u00e0 acc\u00e9der \u00e0 son inconscient et \u00e0 apporter des changements positifs dans sa vie.&nbsp;<\/span><\/p>\n                  <\/div>\n                <\/div>\n              <\/div>\n            <\/div>\n          <\/div>\n        <\/div>\n      <\/div>\n      <div data-colibri-id=\"443-c6\" class=\"h-row-container gutters-row-lg-2 gutters-row-md-2 gutters-row-0 gutters-row-v-lg-2 gutters-row-v-md-2 gutters-row-v-2 style-440 style-local-443-c6 position-relative\">\n        <!---->\n        <div class=\"h-row justify-content-lg-center justify-content-md-center justify-content-center align-items-lg-stretch align-items-md-stretch align-items-stretch gutters-col-lg-2 gutters-col-md-2 gutters-col-0 gutters-col-v-lg-2 gutters-col-v-md-2 gutters-col-v-2\">\n          <!---->\n          <div class=\"h-column h-column-container d-flex h-col-lg-auto h-col-md-auto h-col-auto style-441-outer style-local-443-c7-outer\">\n            <div data-colibri-id=\"443-c7\" class=\"d-flex h-flex-basis h-column__inner h-px-lg-2 h-px-md-2 h-px-2 v-inner-lg-2 v-inner-md-2 v-inner-2 style-441 style-local-443-c7 position-relative\">\n              <!---->\n              <!---->\n              <div class=\"w-100 h-y-container h-column__content h-column__v-align flex-basis-100 align-self-lg-start align-self-md-start align-self-start\">\n                <!---->\n                <div data-colibri-id=\"443-c8\" class=\"h-text h-text-component style-442 style-local-443-c8 position-relative h-element\">\n                  <!---->\n                  <!---->\n                  <div class=\"\"><\/div>\n                <\/div>\n              <\/div>\n            <\/div>\n          <\/div>\n        <\/div>\n      <\/div>\n    <\/div>\n  <\/div>\n<\/div>","protected":false},"excerpt":{"rendered":"<p>L&rsquo;hypnose ericksonienne L&rsquo;hypnose ericksonienne est une forme d&rsquo;hypnose th\u00e9rapeutique d\u00e9velopp\u00e9e par le psychiatre am\u00e9ricain Milton H. Erickson. Cette approche se distingue par son approche souple et indirecte, bas\u00e9e sur la communication subtile avec l&rsquo;inconscient du patient. L&rsquo;hypnose ericksonienne vise \u00e0 activer les ressources internes de la personne pour favoriser des changements positifs. aptitudes internes. La [&hellip;]<\/p>\n","protected":false},"author":1,"featured_media":0,"parent":63,"menu_order":0,"comment_status":"closed","ping_status":"closed","template":"page-templates\/full-width-page.php","meta":{"footnotes":""},"class_list":["post-443","page","type-page","status-publish","hentry"],"_links":{"self":[{"href":"https:\/\/amandinegillet82.fr\/index.php?rest_route=\/wp\/v2\/pages\/443","targetHints":{"allow":["GET"]}}],"collection":[{"href":"https:\/\/amandinegillet82.fr\/index.php?rest_route=\/wp\/v2\/pages"}],"about":[{"href":"https:\/\/amandinegillet82.fr\/index.php?rest_route=\/wp\/v2\/types\/page"}],"author":[{"embeddable":true,"href":"https:\/\/amandinegillet82.fr\/index.php?rest_route=\/wp\/v2\/users\/1"}],"replies":[{"embeddable":true,"href":"https:\/\/amandinegillet82.fr\/index.php?rest_route=%2Fwp%2Fv2%2Fcomments&post=443"}],"version-history":[{"count":8,"href":"https:\/\/amandinegillet82.fr\/index.php?rest_route=\/wp\/v2\/pages\/443\/revisions"}],"predecessor-version":[{"id":2038,"href":"https:\/\/amandinegillet82.fr\/index.php?rest_route=\/wp\/v2\/pages\/443\/revisions\/2038"}],"up":[{"embeddable":true,"href":"https:\/\/amandinegillet82.fr\/index.php?rest_route=\/wp\/v2\/pages\/63"}],"wp:attachment":[{"href":"https:\/\/amandinegillet82.fr\/index.php?rest_route=%2Fwp%2Fv2%2Fmedia&parent=443"}],"curies":[{"name":"wp","href":"https:\/\/api.w.org\/{rel}","templated":true}]}}