{"id":451,"date":"2024-04-24T17:42:51","date_gmt":"2024-04-24T15:42:51","guid":{"rendered":"https:\/\/amandinegillet82.fr\/?page_id=451"},"modified":"2024-11-30T20:22:16","modified_gmt":"2024-11-30T19:22:16","slug":"liberation-emotionnelle","status":"publish","type":"page","link":"https:\/\/amandinegillet82.fr\/?page_id=451","title":{"rendered":"Pratiques psycho-corporelles"},"content":{"rendered":"<div data-colibri-id=\"451-c1\" class=\"style-797 style-local-451-c1 position-relative\">\n  <!---->\n  <div data-colibri-component=\"section\" data-colibri-id=\"451-c2\" id=\"initial-content\" class=\"h-section h-section-global-spacing d-flex align-items-lg-center align-items-md-center align-items-center style-798 style-local-451-c2 position-relative\">\n    <!---->\n    <!---->\n    <div class=\"h-section-grid-container h-section-boxed-container\">\n      <!---->\n      <div data-colibri-id=\"451-c3\" class=\"h-row-container gutters-row-lg-2 gutters-row-md-2 gutters-row-0 gutters-row-v-lg-2 gutters-row-v-md-2 gutters-row-v-2 style-799 style-local-451-c3 position-relative\">\n        <!---->\n        <div class=\"h-row justify-content-lg-center justify-content-md-center justify-content-center align-items-lg-stretch align-items-md-stretch align-items-stretch gutters-col-lg-2 gutters-col-md-2 gutters-col-0 gutters-col-v-lg-2 gutters-col-v-md-2 gutters-col-v-2\">\n          <!---->\n          <div class=\"h-column h-column-container d-flex h-col-lg-auto h-col-md-auto h-col-auto style-800-outer style-local-451-c4-outer\">\n            <div data-colibri-id=\"451-c4\" class=\"d-flex h-flex-basis h-column__inner h-px-lg-2 h-px-md-2 h-px-2 v-inner-lg-2 v-inner-md-2 v-inner-2 style-800 style-local-451-c4 position-relative\">\n              <!---->\n              <!---->\n              <div class=\"w-100 h-y-container h-column__content h-column__v-align flex-basis-100 align-self-lg-start align-self-md-start align-self-start\">\n                <!---->\n                <div data-colibri-id=\"451-c5\" class=\"style-801 style-local-451-c5 position-relative h-element\">\n                  <!---->\n                  <div>\n                    \n                    <p><strong>La relation d\u2019aide par le toucher :<\/strong> <\/p>\n                    \n\n                    \n                    <p>La relation d\u2019aide par le toucher est une m\u00e9thode de th\u00e9rapie psychocorporelle qui favorise le d\u00e9nouement de situations de vie probl\u00e9matiques et la r\u00e9solution des troubles psychosomatiques qu\u2019elles entrainent. Elle associe le toucher\n                      physique et \u00e9nerg\u00e9tique \u00e0 des outils de psychoth\u00e9rapie verbale pour aider une personne dans son corps, dans sa vie et dans ses relations. Bas\u00e9e sur la qualit\u00e9 de pr\u00e9sence \u00e0 l\u2019autre la relation d\u2019aide par le toucher permet \u00e0 chacun\n                      de lib\u00e9rer ses tensions corporelles et ses blocages \u00e9motionnels pour se d\u00e9gager de son pass\u00e9 et pour mobiliser ses ressources personnelles<\/p>\n                    \n\n                    \n                    <figure class=\"wp-block-gallery has-nested-images columns-default is-cropped wp-block-gallery-1 is-layout-flex wp-block-gallery-is-layout-flex\">\n                      \n                      <figure class=\"wp-block-image size-large\">\n                        <img loading=\"lazy\" decoding=\"async\" width=\"700\" height=\"456\" data-id=\"2139\" src=\"https:\/\/amandinegillet82.fr\/wp-content\/uploads\/2024\/11\/aide-mssg1-1.png\" alt=\"\" class=\"wp-image-2139\" srcset=\"https:\/\/amandinegillet82.fr\/wp-content\/uploads\/2024\/11\/aide-mssg1-1.png 700w, https:\/\/amandinegillet82.fr\/wp-content\/uploads\/2024\/11\/aide-mssg1-1-300x195.png 300w\" sizes=\"auto, (max-width: 700px) 100vw, 700px\" \/>\n                      <\/figure>\n                      \n                    <\/figure>\n                    \n                  <\/div>\n                <\/div>\n              <\/div>\n            <\/div>\n          <\/div>\n          <div class=\"h-column h-column-container d-flex h-col-lg-auto h-col-md-auto h-col-auto style-802-outer style-local-451-c6-outer\">\n            <div data-colibri-id=\"451-c6\" class=\"d-flex h-flex-basis h-column__inner h-px-lg-2 h-px-md-2 h-px-2 v-inner-lg-2 v-inner-md-2 v-inner-2 style-802 style-local-451-c6 position-relative\">\n              <!---->\n              <!---->\n              <div class=\"w-100 h-y-container h-column__content h-column__v-align flex-basis-100 align-self-lg-start align-self-md-start align-self-start\">\n                <!---->\n                <div data-colibri-id=\"451-c7\" class=\"d-block style-803 style-local-451-c7 position-relative h-element\">\n                  <!---->\n                  <div class=\"h-image__frame-container-outer\">\n                    <div class=\"h-image__frame-container\">\n                      <!---->\n                      <!---->\n                      <img loading=\"lazy\" decoding=\"async\" width=\"488\" height=\"372\" src=\"https:\/\/amandinegillet82.fr\/wp-content\/uploads\/2024\/11\/cropped-relation-daide-massage.png\" class=\"wp-image-2143 style-803-image style-local-451-c7-image\" alt=\"\" srcset=\"https:\/\/amandinegillet82.fr\/wp-content\/uploads\/2024\/11\/cropped-relation-daide-massage.png 488w, https:\/\/amandinegillet82.fr\/wp-content\/uploads\/2024\/11\/cropped-relation-daide-massage-300x229.png 300w\" sizes=\"auto, (max-width: 488px) 100vw, 488px\" \/>\n                      <div class=\"h-image__frame h-hide-lg h-hide-md h-hide-sm style-803-frameImage style-local-451-c7-frameImage\"><\/div>\n                    <\/div>\n                  <\/div>\n                <\/div>\n              <\/div>\n            <\/div>\n          <\/div>\n        <\/div>\n      <\/div>\n    <\/div>\n  <\/div>\n<\/div>","protected":false},"excerpt":{"rendered":"<p>La relation d\u2019aide par le toucher : La relation d\u2019aide par le toucher est une m\u00e9thode de th\u00e9rapie psychocorporelle qui favorise le d\u00e9nouement de situations de vie probl\u00e9matiques et la r\u00e9solution des troubles psychosomatiques qu\u2019elles entrainent. Elle associe le toucher physique et \u00e9nerg\u00e9tique \u00e0 des outils de psychoth\u00e9rapie verbale pour aider une personne dans son [&hellip;]<\/p>\n","protected":false},"author":1,"featured_media":0,"parent":63,"menu_order":0,"comment_status":"closed","ping_status":"closed","template":"page-templates\/full-width-page.php","meta":{"footnotes":""},"class_list":["post-451","page","type-page","status-publish","hentry"],"_links":{"self":[{"href":"https:\/\/amandinegillet82.fr\/index.php?rest_route=\/wp\/v2\/pages\/451","targetHints":{"allow":["GET"]}}],"collection":[{"href":"https:\/\/amandinegillet82.fr\/index.php?rest_route=\/wp\/v2\/pages"}],"about":[{"href":"https:\/\/amandinegillet82.fr\/index.php?rest_route=\/wp\/v2\/types\/page"}],"author":[{"embeddable":true,"href":"https:\/\/amandinegillet82.fr\/index.php?rest_route=\/wp\/v2\/users\/1"}],"replies":[{"embeddable":true,"href":"https:\/\/amandinegillet82.fr\/index.php?rest_route=%2Fwp%2Fv2%2Fcomments&post=451"}],"version-history":[{"count":5,"href":"https:\/\/amandinegillet82.fr\/index.php?rest_route=\/wp\/v2\/pages\/451\/revisions"}],"predecessor-version":[{"id":2145,"href":"https:\/\/amandinegillet82.fr\/index.php?rest_route=\/wp\/v2\/pages\/451\/revisions\/2145"}],"up":[{"embeddable":true,"href":"https:\/\/amandinegillet82.fr\/index.php?rest_route=\/wp\/v2\/pages\/63"}],"wp:attachment":[{"href":"https:\/\/amandinegillet82.fr\/index.php?rest_route=%2Fwp%2Fv2%2Fmedia&parent=451"}],"curies":[{"name":"wp","href":"https:\/\/api.w.org\/{rel}","templated":true}]}}